{"id":758,"date":"2024-08-12T01:29:09","date_gmt":"2024-08-12T01:29:09","guid":{"rendered":"http:\/\/ienet-demo.local\/?page_id=758"},"modified":"2026-03-09T00:33:05","modified_gmt":"2026-03-08T23:33:05","slug":"njoftime","status":"publish","type":"page","link":"https:\/\/www.telkos.net\/en\/njoftime\/","title":{"rendered":"News"},"content":{"rendered":"<div data-elementor-type=\"wp-page\" data-elementor-id=\"758\" class=\"elementor elementor-758\">\n\t\t\t\t<div class=\"elementor-element elementor-element-27891fd e-con-full e-flex e-con e-parent\" data-id=\"27891fd\" data-element_type=\"container\">\n\t\t\t\t<div class=\"elementor-element elementor-element-e11cf03 elementor-hidden-tablet elementor-hidden-mobile elementor-widget elementor-widget-image\" data-id=\"e11cf03\" data-element_type=\"widget\" data-widget_type=\"image.default\">\n\t\t\t\t\t\t\t\t\t\t\t\t\t\t\t<img fetchpriority=\"high\" decoding=\"async\" width=\"1920\" height=\"233\" src=\"https:\/\/www.telkos.net\/wp-content\/uploads\/2026\/03\/Njoftime-anglisht.jpg\" class=\"attachment-full size-full wp-image-5196\" alt=\"\" srcset=\"https:\/\/www.telkos.net\/wp-content\/uploads\/2026\/03\/Njoftime-anglisht.jpg 1920w, https:\/\/www.telkos.net\/wp-content\/uploads\/2026\/03\/Njoftime-anglisht-300x36.jpg 300w, https:\/\/www.telkos.net\/wp-content\/uploads\/2026\/03\/Njoftime-anglisht-1024x124.jpg 1024w, https:\/\/www.telkos.net\/wp-content\/uploads\/2026\/03\/Njoftime-anglisht-768x93.jpg 768w, https:\/\/www.telkos.net\/wp-content\/uploads\/2026\/03\/Njoftime-anglisht-1536x186.jpg 1536w, https:\/\/www.telkos.net\/wp-content\/uploads\/2026\/03\/Njoftime-anglisht-18x2.jpg 18w\" sizes=\"(max-width: 1920px) 100vw, 1920px\" \/>\t\t\t\t\t\t\t\t\t\t\t\t\t\t\t<\/div>\n\t\t\t\t<div class=\"elementor-element elementor-element-62670a9 elementor-widget elementor-widget-ienet-blog\" data-id=\"62670a9\" data-element_type=\"widget\" data-widget_type=\"ienet-blog.default\">\n\t\t\t\t<div class=\"elementor-widget-container\">\n\t\t\t\t\t\t<section class=\"blog-one blog-one--page\">\r\n\t\t<div class=\"container\">\r\n\t\t\t<div class=\"blog-one__carousel ienet-owl__carousel ienet-owl__carousel--with-shadow ienet-owl__carousel--basic-nav owl-carousel owl-theme\" data-owl-options='{&quot;loop&quot;:true,&quot;margin&quot;:0,&quot;items&quot;:1,&quot;nav&quot;:false,&quot;dots&quot;:true,&quot;smartSpeed&quot;:700,&quot;autoplay&quot;:true,&quot;autoplayTimeout&quot;:5000,&quot;animateOut&quot;:&quot;&quot;,&quot;animateIn&quot;:&quot;&quot;,&quot;autoplayHoverPause&quot;:true,&quot;responsive&quot;:{&quot;0&quot;:{&quot;margin&quot;:0,&quot;items&quot;:1},&quot;768&quot;:{&quot;margin&quot;:30,&quot;items&quot;:2},&quot;992&quot;:{&quot;margin&quot;:30,&quot;items&quot;:3}}}'>\r\n\t\t\t\t\t\t\t\t\t<div class=\"item\">\r\n\t\t\t\t\t\t<div class=\"blog-card wow fadeInUp\" data-wow-duration='1500ms' data-wow-delay='00ms'>\r\n\r\n\t\t\t\t\t\t\t<div class=\"blog-card__image\">\r\n\t\t\t\t\t\t\t\t\t\t\t\t\t\t\t\t\t\t\t\t\t\t\t\t<a href=\"https:\/\/www.telkos.net\/en\/instagram-lancon-instants-per-ndarjen-e-fotove-te-perkohshme-me-njerez-specifike\/\" class=\"blog-card__image__link\"><\/a>\r\n\t\t\t\t\t\t\t\t<div class=\"blog-card__date\">May, 15<\/div><!-- \/.blog-card__date -->\r\n\t\t\t\t\t\t\t\t<ul class=\"list-unstyled blog-card__meta ml-0\">\r\n\t\t\t\t\t\t\t\t\t<li><span class=\"byline\"><i class=\"fas fa-user-alt\"><\/i> <span class=\"author vcard\"><a class=\"url fn n\" href=\"https:\/\/www.telkos.net\/en\/author\/rrezart\/\">TelKos<\/a><\/span><\/span><\/li>\r\n\t\t\t\t\t\t\t\t\t\t\t\t\t\t\t\t\t<\/ul><!-- \/.list-unstyled blog-card__meta -->\r\n\t\t\t\t\t\t\t<\/div><!-- \/.blog-card__image -->\r\n\r\n\t\t\t\t\t\t\t<div class=\"blog-card__content\">\r\n\t\t\t\t\t\t\t\t<h3 class=\"blog-card__title\"><a href=\"https:\/\/www.telkos.net\/en\/instagram-lancon-instants-per-ndarjen-e-fotove-te-perkohshme-me-njerez-specifike\/\">Instagram lan\u00e7on Instants p\u00ebr ndarjen e fotove t\u00eb p\u00ebrkohshme me njer\u00ebz specifik\u00eb!<\/a><\/h3><!-- \/.blog-card__title -->\r\n\t\t\t\t\t\t\t\t<a href=\"https:\/\/www.telkos.net\/en\/instagram-lancon-instants-per-ndarjen-e-fotove-te-perkohshme-me-njerez-specifike\/\" class=\"blog-card__link\">\r\n\t\t\t\t\t\t\t\t\t<span class=\"blog-card__link__front\"><span aria-hidden=\"true\" class=\"fas fa-angle-double-right\"><\/span><\/span>\r\n\t\t\t\t\t\t\t\t\t<span class=\"blog-card__link__back\"><span aria-hidden=\"true\" class=\"fas fa-angle-double-right\"><\/span><\/span>\r\n\t\t\t\t\t\t\t\t<\/a><!-- \/.blog-card__link -->\r\n\t\t\t\t\t\t\t<\/div><!-- \/.blog-card__content -->\r\n\t\t\t\t\t\t<\/div><!-- \/.blog-card -->\r\n\t\t\t\t\t<\/div><!-- \/.item -->\r\n\t\t\t\t\t\t\t\t\t<div class=\"item\">\r\n\t\t\t\t\t\t<div class=\"blog-card wow fadeInUp\" data-wow-duration='1500ms' data-wow-delay='00ms'>\r\n\r\n\t\t\t\t\t\t\t<div class=\"blog-card__image\">\r\n\t\t\t\t\t\t\t\t\t\t\t\t\t\t\t\t\t\t\t\t\t\t\t\t<a href=\"https:\/\/www.telkos.net\/en\/mira-murati-gati-per-ti-dhuruar-botes-risine-tjeter-te-teknologjise\/\" class=\"blog-card__image__link\"><\/a>\r\n\t\t\t\t\t\t\t\t<div class=\"blog-card__date\">May, 14<\/div><!-- \/.blog-card__date -->\r\n\t\t\t\t\t\t\t\t<ul class=\"list-unstyled blog-card__meta ml-0\">\r\n\t\t\t\t\t\t\t\t\t<li><span class=\"byline\"><i class=\"fas fa-user-alt\"><\/i> <span class=\"author vcard\"><a class=\"url fn n\" href=\"https:\/\/www.telkos.net\/en\/author\/rrezart\/\">TelKos<\/a><\/span><\/span><\/li>\r\n\t\t\t\t\t\t\t\t\t\t\t\t\t\t\t\t\t<\/ul><!-- \/.list-unstyled blog-card__meta -->\r\n\t\t\t\t\t\t\t<\/div><!-- \/.blog-card__image -->\r\n\r\n\t\t\t\t\t\t\t<div class=\"blog-card__content\">\r\n\t\t\t\t\t\t\t\t<h3 class=\"blog-card__title\"><a href=\"https:\/\/www.telkos.net\/en\/mira-murati-gati-per-ti-dhuruar-botes-risine-tjeter-te-teknologjise\/\">Mira Murati gati p\u00ebr t\u2019i dhuruar bot\u00ebs risin\u00eb tjet\u00ebr t\u00eb teknologjis\u00eb,<\/a><\/h3><!-- \/.blog-card__title -->\r\n\t\t\t\t\t\t\t\t<a href=\"https:\/\/www.telkos.net\/en\/mira-murati-gati-per-ti-dhuruar-botes-risine-tjeter-te-teknologjise\/\" class=\"blog-card__link\">\r\n\t\t\t\t\t\t\t\t\t<span class=\"blog-card__link__front\"><span aria-hidden=\"true\" class=\"fas fa-angle-double-right\"><\/span><\/span>\r\n\t\t\t\t\t\t\t\t\t<span class=\"blog-card__link__back\"><span aria-hidden=\"true\" class=\"fas fa-angle-double-right\"><\/span><\/span>\r\n\t\t\t\t\t\t\t\t<\/a><!-- \/.blog-card__link -->\r\n\t\t\t\t\t\t\t<\/div><!-- \/.blog-card__content -->\r\n\t\t\t\t\t\t<\/div><!-- \/.blog-card -->\r\n\t\t\t\t\t<\/div><!-- \/.item -->\r\n\t\t\t\t\t\t\t\t\t<div class=\"item\">\r\n\t\t\t\t\t\t<div class=\"blog-card wow fadeInUp\" data-wow-duration='1500ms' data-wow-delay='00ms'>\r\n\r\n\t\t\t\t\t\t\t<div class=\"blog-card__image\">\r\n\t\t\t\t\t\t\t\t\t\t\t\t\t\t\t\t\t\t\t\t\t\t\t\t<a href=\"https:\/\/www.telkos.net\/en\/bitcoin-qendron-nen-81000-dollare-ne-pritje-te-bisedimeve-trump-xi\/\" class=\"blog-card__image__link\"><\/a>\r\n\t\t\t\t\t\t\t\t<div class=\"blog-card__date\">May, 13<\/div><!-- \/.blog-card__date -->\r\n\t\t\t\t\t\t\t\t<ul class=\"list-unstyled blog-card__meta ml-0\">\r\n\t\t\t\t\t\t\t\t\t<li><span class=\"byline\"><i class=\"fas fa-user-alt\"><\/i> <span class=\"author vcard\"><a class=\"url fn n\" href=\"https:\/\/www.telkos.net\/en\/author\/rrezart\/\">TelKos<\/a><\/span><\/span><\/li>\r\n\t\t\t\t\t\t\t\t\t\t\t\t\t\t\t\t\t<\/ul><!-- \/.list-unstyled blog-card__meta -->\r\n\t\t\t\t\t\t\t<\/div><!-- \/.blog-card__image -->\r\n\r\n\t\t\t\t\t\t\t<div class=\"blog-card__content\">\r\n\t\t\t\t\t\t\t\t<h3 class=\"blog-card__title\"><a href=\"https:\/\/www.telkos.net\/en\/bitcoin-qendron-nen-81000-dollare-ne-pritje-te-bisedimeve-trump-xi\/\">Bitcoin q\u00ebndron n\u00ebn 81,000 dollar\u00eb n\u00eb pritje t\u00eb bisedimeve Trump\u2013Xi<\/a><\/h3><!-- \/.blog-card__title -->\r\n\t\t\t\t\t\t\t\t<a href=\"https:\/\/www.telkos.net\/en\/bitcoin-qendron-nen-81000-dollare-ne-pritje-te-bisedimeve-trump-xi\/\" class=\"blog-card__link\">\r\n\t\t\t\t\t\t\t\t\t<span class=\"blog-card__link__front\"><span aria-hidden=\"true\" class=\"fas fa-angle-double-right\"><\/span><\/span>\r\n\t\t\t\t\t\t\t\t\t<span class=\"blog-card__link__back\"><span aria-hidden=\"true\" class=\"fas fa-angle-double-right\"><\/span><\/span>\r\n\t\t\t\t\t\t\t\t<\/a><!-- \/.blog-card__link -->\r\n\t\t\t\t\t\t\t<\/div><!-- \/.blog-card__content -->\r\n\t\t\t\t\t\t<\/div><!-- \/.blog-card -->\r\n\t\t\t\t\t<\/div><!-- \/.item -->\r\n\t\t\t\t\t\t\t\t\t<div class=\"item\">\r\n\t\t\t\t\t\t<div class=\"blog-card wow fadeInUp\" data-wow-duration='1500ms' data-wow-delay='00ms'>\r\n\r\n\t\t\t\t\t\t\t<div class=\"blog-card__image\">\r\n\t\t\t\t\t\t\t\t\t\t\t\t\t\t\t\t\t\t\t\t\t\t\t\t<a href=\"https:\/\/www.telkos.net\/en\/zemra-e-ndritshme-e-nje-galaktike-spirale-fotografohet-nga-teleskopi-webb-i-nasa-s\/\" class=\"blog-card__image__link\"><\/a>\r\n\t\t\t\t\t\t\t\t<div class=\"blog-card__date\">May, 12<\/div><!-- \/.blog-card__date -->\r\n\t\t\t\t\t\t\t\t<ul class=\"list-unstyled blog-card__meta ml-0\">\r\n\t\t\t\t\t\t\t\t\t<li><span class=\"byline\"><i class=\"fas fa-user-alt\"><\/i> <span class=\"author vcard\"><a class=\"url fn n\" href=\"https:\/\/www.telkos.net\/en\/author\/rrezart\/\">TelKos<\/a><\/span><\/span><\/li>\r\n\t\t\t\t\t\t\t\t\t\t\t\t\t\t\t\t\t<\/ul><!-- \/.list-unstyled blog-card__meta -->\r\n\t\t\t\t\t\t\t<\/div><!-- \/.blog-card__image -->\r\n\r\n\t\t\t\t\t\t\t<div class=\"blog-card__content\">\r\n\t\t\t\t\t\t\t\t<h3 class=\"blog-card__title\"><a href=\"https:\/\/www.telkos.net\/en\/zemra-e-ndritshme-e-nje-galaktike-spirale-fotografohet-nga-teleskopi-webb-i-nasa-s\/\">Zemra e ndritshme e nj\u00eb galaktike spirale fotografohet nga teleskopi Webb i NASA-s<\/a><\/h3><!-- \/.blog-card__title -->\r\n\t\t\t\t\t\t\t\t<a href=\"https:\/\/www.telkos.net\/en\/zemra-e-ndritshme-e-nje-galaktike-spirale-fotografohet-nga-teleskopi-webb-i-nasa-s\/\" class=\"blog-card__link\">\r\n\t\t\t\t\t\t\t\t\t<span class=\"blog-card__link__front\"><span aria-hidden=\"true\" class=\"fas fa-angle-double-right\"><\/span><\/span>\r\n\t\t\t\t\t\t\t\t\t<span class=\"blog-card__link__back\"><span aria-hidden=\"true\" class=\"fas fa-angle-double-right\"><\/span><\/span>\r\n\t\t\t\t\t\t\t\t<\/a><!-- \/.blog-card__link -->\r\n\t\t\t\t\t\t\t<\/div><!-- \/.blog-card__content -->\r\n\t\t\t\t\t\t<\/div><!-- \/.blog-card -->\r\n\t\t\t\t\t<\/div><!-- \/.item -->\r\n\t\t\t\t\t\t\t\t\t<div class=\"item\">\r\n\t\t\t\t\t\t<div class=\"blog-card wow fadeInUp\" data-wow-duration='1500ms' data-wow-delay='00ms'>\r\n\r\n\t\t\t\t\t\t\t<div class=\"blog-card__image\">\r\n\t\t\t\t\t\t\t\t\t\t\t\t\t\t\t\t\t\t\t\t\t\t\t\t<a href=\"https:\/\/www.telkos.net\/en\/nga-pandemia-te-renia-pse-shqiptaret-po-terhiqen-nga-platformat-online-te-punes\/\" class=\"blog-card__image__link\"><\/a>\r\n\t\t\t\t\t\t\t\t<div class=\"blog-card__date\">May, 11<\/div><!-- \/.blog-card__date -->\r\n\t\t\t\t\t\t\t\t<ul class=\"list-unstyled blog-card__meta ml-0\">\r\n\t\t\t\t\t\t\t\t\t<li><span class=\"byline\"><i class=\"fas fa-user-alt\"><\/i> <span class=\"author vcard\"><a class=\"url fn n\" href=\"https:\/\/www.telkos.net\/en\/author\/rrezart\/\">TelKos<\/a><\/span><\/span><\/li>\r\n\t\t\t\t\t\t\t\t\t\t\t\t\t\t\t\t\t<\/ul><!-- \/.list-unstyled blog-card__meta -->\r\n\t\t\t\t\t\t\t<\/div><!-- \/.blog-card__image -->\r\n\r\n\t\t\t\t\t\t\t<div class=\"blog-card__content\">\r\n\t\t\t\t\t\t\t\t<h3 class=\"blog-card__title\"><a href=\"https:\/\/www.telkos.net\/en\/nga-pandemia-te-renia-pse-shqiptaret-po-terhiqen-nga-platformat-online-te-punes\/\">Nga pandemia te r\u00ebnia, pse shqiptar\u00ebt po t\u00ebrhiqen nga platformat online t\u00eb pun\u00ebs?<\/a><\/h3><!-- \/.blog-card__title -->\r\n\t\t\t\t\t\t\t\t<a href=\"https:\/\/www.telkos.net\/en\/nga-pandemia-te-renia-pse-shqiptaret-po-terhiqen-nga-platformat-online-te-punes\/\" class=\"blog-card__link\">\r\n\t\t\t\t\t\t\t\t\t<span class=\"blog-card__link__front\"><span aria-hidden=\"true\" class=\"fas fa-angle-double-right\"><\/span><\/span>\r\n\t\t\t\t\t\t\t\t\t<span class=\"blog-card__link__back\"><span aria-hidden=\"true\" class=\"fas fa-angle-double-right\"><\/span><\/span>\r\n\t\t\t\t\t\t\t\t<\/a><!-- \/.blog-card__link -->\r\n\t\t\t\t\t\t\t<\/div><!-- \/.blog-card__content -->\r\n\t\t\t\t\t\t<\/div><!-- \/.blog-card -->\r\n\t\t\t\t\t<\/div><!-- \/.item -->\r\n\t\t\t\t\t\t\t\t\t<div class=\"item\">\r\n\t\t\t\t\t\t<div class=\"blog-card wow fadeInUp\" data-wow-duration='1500ms' data-wow-delay='00ms'>\r\n\r\n\t\t\t\t\t\t\t<div class=\"blog-card__image\">\r\n\t\t\t\t\t\t\t\t\t\t\t\t\t\t\t\t\t\t\t\t\t\t\t\t<a href=\"https:\/\/www.telkos.net\/en\/dua-lipa-padit-samsungin-per-perdorim-te-paautorizuar-te-imazhit-te-saj\/\" class=\"blog-card__image__link\"><\/a>\r\n\t\t\t\t\t\t\t\t<div class=\"blog-card__date\">May, 11<\/div><!-- \/.blog-card__date -->\r\n\t\t\t\t\t\t\t\t<ul class=\"list-unstyled blog-card__meta ml-0\">\r\n\t\t\t\t\t\t\t\t\t<li><span class=\"byline\"><i class=\"fas fa-user-alt\"><\/i> <span class=\"author vcard\"><a class=\"url fn n\" href=\"https:\/\/www.telkos.net\/en\/author\/rrezart\/\">TelKos<\/a><\/span><\/span><\/li>\r\n\t\t\t\t\t\t\t\t\t\t\t\t\t\t\t\t\t<\/ul><!-- \/.list-unstyled blog-card__meta -->\r\n\t\t\t\t\t\t\t<\/div><!-- \/.blog-card__image -->\r\n\r\n\t\t\t\t\t\t\t<div class=\"blog-card__content\">\r\n\t\t\t\t\t\t\t\t<h3 class=\"blog-card__title\"><a href=\"https:\/\/www.telkos.net\/en\/dua-lipa-padit-samsungin-per-perdorim-te-paautorizuar-te-imazhit-te-saj\/\">Dua Lipa padit Samsungin p\u00ebr p\u00ebrdorim t\u00eb paautorizuar t\u00eb imazhit t\u00eb saj<\/a><\/h3><!-- \/.blog-card__title -->\r\n\t\t\t\t\t\t\t\t<a href=\"https:\/\/www.telkos.net\/en\/dua-lipa-padit-samsungin-per-perdorim-te-paautorizuar-te-imazhit-te-saj\/\" class=\"blog-card__link\">\r\n\t\t\t\t\t\t\t\t\t<span class=\"blog-card__link__front\"><span aria-hidden=\"true\" class=\"fas fa-angle-double-right\"><\/span><\/span>\r\n\t\t\t\t\t\t\t\t\t<span class=\"blog-card__link__back\"><span aria-hidden=\"true\" class=\"fas fa-angle-double-right\"><\/span><\/span>\r\n\t\t\t\t\t\t\t\t<\/a><!-- \/.blog-card__link -->\r\n\t\t\t\t\t\t\t<\/div><!-- \/.blog-card__content -->\r\n\t\t\t\t\t\t<\/div><!-- \/.blog-card -->\r\n\t\t\t\t\t<\/div><!-- \/.item -->\r\n\t\t\t\t\t\t\t\t\t<div class=\"item\">\r\n\t\t\t\t\t\t<div class=\"blog-card wow fadeInUp\" data-wow-duration='1500ms' data-wow-delay='00ms'>\r\n\r\n\t\t\t\t\t\t\t<div class=\"blog-card__image\">\r\n\t\t\t\t\t\t\t\t\t\t\t\t\t\t\t\t\t\t\t\t\t\t\t\t<a href=\"https:\/\/www.telkos.net\/en\/shpejtesia-e-re-e-internetit-ne-japoni-mund-te-shkarkoje-te-gjithe-filmat-e-netflix-per-1-sekonde\/\" class=\"blog-card__image__link\"><\/a>\r\n\t\t\t\t\t\t\t\t<div class=\"blog-card__date\">May, 08<\/div><!-- \/.blog-card__date -->\r\n\t\t\t\t\t\t\t\t<ul class=\"list-unstyled blog-card__meta ml-0\">\r\n\t\t\t\t\t\t\t\t\t<li><span class=\"byline\"><i class=\"fas fa-user-alt\"><\/i> <span class=\"author vcard\"><a class=\"url fn n\" href=\"https:\/\/www.telkos.net\/en\/author\/rrezart\/\">TelKos<\/a><\/span><\/span><\/li>\r\n\t\t\t\t\t\t\t\t\t\t\t\t\t\t\t\t\t<\/ul><!-- \/.list-unstyled blog-card__meta -->\r\n\t\t\t\t\t\t\t<\/div><!-- \/.blog-card__image -->\r\n\r\n\t\t\t\t\t\t\t<div class=\"blog-card__content\">\r\n\t\t\t\t\t\t\t\t<h3 class=\"blog-card__title\"><a href=\"https:\/\/www.telkos.net\/en\/shpejtesia-e-re-e-internetit-ne-japoni-mund-te-shkarkoje-te-gjithe-filmat-e-netflix-per-1-sekonde\/\">Shpejt\u00ebsia e re e internetit n\u00eb Japoni mund t\u00eb shkarkoj\u00eb t\u00eb gjith\u00eb filmat e Netflix p\u00ebr 1 sekond\u00eb<\/a><\/h3><!-- \/.blog-card__title -->\r\n\t\t\t\t\t\t\t\t<a href=\"https:\/\/www.telkos.net\/en\/shpejtesia-e-re-e-internetit-ne-japoni-mund-te-shkarkoje-te-gjithe-filmat-e-netflix-per-1-sekonde\/\" class=\"blog-card__link\">\r\n\t\t\t\t\t\t\t\t\t<span class=\"blog-card__link__front\"><span aria-hidden=\"true\" class=\"fas fa-angle-double-right\"><\/span><\/span>\r\n\t\t\t\t\t\t\t\t\t<span class=\"blog-card__link__back\"><span aria-hidden=\"true\" class=\"fas fa-angle-double-right\"><\/span><\/span>\r\n\t\t\t\t\t\t\t\t<\/a><!-- \/.blog-card__link -->\r\n\t\t\t\t\t\t\t<\/div><!-- \/.blog-card__content -->\r\n\t\t\t\t\t\t<\/div><!-- \/.blog-card -->\r\n\t\t\t\t\t<\/div><!-- \/.item -->\r\n\t\t\t\t\t\t\t<\/div><!-- \/.row -->\r\n\t\t<\/div><!-- \/.container -->\r\n\t<\/section>\r\n\t\t\t\t<\/div>\n\t\t\t\t<\/div>\n\t\t\t\t<\/div>\n\t\t\t\t<\/div>","protected":false},"excerpt":{"rendered":"<p>Dec, 28 TelKos Si t\u00eb mos bini pre e mashtrimeve n\u00eb internet Dec, 28 TelKos Fibra optike nga TelKos \u2013 Internet i shpejt\u00eb, i q\u00ebndruesh\u00ebm dhe i sigurt Dec, 28 TelKos Aktivizimi i sh\u00ebrbimeve tona do t\u00eb b\u00ebhet sipas k\u00ebtij orari&#8230; Aug, 11 TelKos Modemi &#8211; Paisje q\u00eb sh\u00ebrben p\u00ebr transformimin e t\u00eb dh\u00ebnave n\u00eb [&hellip;]<\/p>\n","protected":false},"author":2,"featured_media":0,"parent":0,"menu_order":0,"comment_status":"closed","ping_status":"closed","template":"elementor_header_footer","meta":{"footnotes":""},"class_list":["post-758","page","type-page","status-publish","hentry"],"yoast_head":"<!-- This site is optimized with the Yoast SEO plugin v26.7 - https:\/\/yoast.com\/wordpress\/plugins\/seo\/ -->\n<title>Njoftime - Telkos.net<\/title>\n<meta name=\"robots\" content=\"index, follow, max-snippet:-1, max-image-preview:large, max-video-preview:-1\" \/>\n<link rel=\"canonical\" href=\"https:\/\/www.telkos.net\/en\/njoftime\/\" \/>\n<meta property=\"og:locale\" content=\"en_US\" \/>\n<meta property=\"og:type\" content=\"article\" \/>\n<meta property=\"og:title\" content=\"Njoftime - Telkos.net\" \/>\n<meta property=\"og:description\" content=\"Dec, 28 TelKos Si t\u00eb mos bini pre e mashtrimeve n\u00eb internet Dec, 28 TelKos Fibra optike nga TelKos \u2013 Internet i shpejt\u00eb, i q\u00ebndruesh\u00ebm dhe i sigurt Dec, 28 TelKos Aktivizimi i sh\u00ebrbimeve tona do t\u00eb b\u00ebhet sipas k\u00ebtij orari&#8230; Aug, 11 TelKos Modemi &#8211; Paisje q\u00eb sh\u00ebrben p\u00ebr transformimin e t\u00eb dh\u00ebnave n\u00eb [&hellip;]\" \/>\n<meta property=\"og:url\" content=\"https:\/\/www.telkos.net\/en\/njoftime\/\" \/>\n<meta property=\"og:site_name\" content=\"Telkos.net\" \/>\n<meta property=\"article:modified_time\" content=\"2026-03-08T23:33:05+00:00\" \/>\n<meta property=\"og:image\" content=\"https:\/\/www.telkos.net\/wp-content\/uploads\/2026\/03\/NJOFTIME.jpg\" \/>\n<meta name=\"twitter:card\" content=\"summary_large_image\" \/>\n<meta name=\"twitter:label1\" content=\"Est. reading time\" \/>\n\t<meta name=\"twitter:data1\" content=\"7 minutes\" \/>\n<script type=\"application\/ld+json\" class=\"yoast-schema-graph\">{\"@context\":\"https:\/\/schema.org\",\"@graph\":[{\"@type\":\"WebPage\",\"@id\":\"https:\/\/www.telkos.net\/njoftime\/\",\"url\":\"https:\/\/www.telkos.net\/njoftime\/\",\"name\":\"Njoftime - Telkos.net\",\"isPartOf\":{\"@id\":\"https:\/\/www.telkos.net\/#website\"},\"primaryImageOfPage\":{\"@id\":\"https:\/\/www.telkos.net\/njoftime\/#primaryimage\"},\"image\":{\"@id\":\"https:\/\/www.telkos.net\/njoftime\/#primaryimage\"},\"thumbnailUrl\":\"https:\/\/www.telkos.net\/wp-content\/uploads\/2026\/03\/NJOFTIME.jpg\",\"datePublished\":\"2024-08-12T01:29:09+00:00\",\"dateModified\":\"2026-03-08T23:33:05+00:00\",\"breadcrumb\":{\"@id\":\"https:\/\/www.telkos.net\/njoftime\/#breadcrumb\"},\"inLanguage\":\"en-US\",\"potentialAction\":[{\"@type\":\"ReadAction\",\"target\":[\"https:\/\/www.telkos.net\/njoftime\/\"]}]},{\"@type\":\"ImageObject\",\"inLanguage\":\"en-US\",\"@id\":\"https:\/\/www.telkos.net\/njoftime\/#primaryimage\",\"url\":\"https:\/\/www.telkos.net\/wp-content\/uploads\/2026\/03\/NJOFTIME.jpg\",\"contentUrl\":\"https:\/\/www.telkos.net\/wp-content\/uploads\/2026\/03\/NJOFTIME.jpg\"},{\"@type\":\"BreadcrumbList\",\"@id\":\"https:\/\/www.telkos.net\/njoftime\/#breadcrumb\",\"itemListElement\":[{\"@type\":\"ListItem\",\"position\":1,\"name\":\"Home\",\"item\":\"https:\/\/www.telkos.net\/\"},{\"@type\":\"ListItem\",\"position\":2,\"name\":\"Njoftime\"}]},{\"@type\":\"WebSite\",\"@id\":\"https:\/\/www.telkos.net\/#website\",\"url\":\"https:\/\/www.telkos.net\/\",\"name\":\"Telkos.net\",\"description\":\"\",\"publisher\":{\"@id\":\"https:\/\/www.telkos.net\/#organization\"},\"potentialAction\":[{\"@type\":\"SearchAction\",\"target\":{\"@type\":\"EntryPoint\",\"urlTemplate\":\"https:\/\/www.telkos.net\/?s={search_term_string}\"},\"query-input\":{\"@type\":\"PropertyValueSpecification\",\"valueRequired\":true,\"valueName\":\"search_term_string\"}}],\"inLanguage\":\"en-US\"},{\"@type\":\"Organization\",\"@id\":\"https:\/\/www.telkos.net\/#organization\",\"name\":\"Telkos.net\",\"url\":\"https:\/\/www.telkos.net\/\",\"logo\":{\"@type\":\"ImageObject\",\"inLanguage\":\"en-US\",\"@id\":\"https:\/\/www.telkos.net\/#\/schema\/logo\/image\/\",\"url\":\"https:\/\/www.telkos.net\/wp-content\/uploads\/2024\/08\/logo-telkos-per-web.png\",\"contentUrl\":\"https:\/\/www.telkos.net\/wp-content\/uploads\/2024\/08\/logo-telkos-per-web.png\",\"width\":1346,\"height\":744,\"caption\":\"Telkos.net\"},\"image\":{\"@id\":\"https:\/\/www.telkos.net\/#\/schema\/logo\/image\/\"}}]}<\/script>\n<!-- \/ Yoast SEO plugin. -->","yoast_head_json":{"title":"Njoftime - Telkos.net","robots":{"index":"index","follow":"follow","max-snippet":"max-snippet:-1","max-image-preview":"max-image-preview:large","max-video-preview":"max-video-preview:-1"},"canonical":"https:\/\/www.telkos.net\/en\/njoftime\/","og_locale":"en_US","og_type":"article","og_title":"Njoftime - Telkos.net","og_description":"Dec, 28 TelKos Si t\u00eb mos bini pre e mashtrimeve n\u00eb internet Dec, 28 TelKos Fibra optike nga TelKos \u2013 Internet i shpejt\u00eb, i q\u00ebndruesh\u00ebm dhe i sigurt Dec, 28 TelKos Aktivizimi i sh\u00ebrbimeve tona do t\u00eb b\u00ebhet sipas k\u00ebtij orari&#8230; Aug, 11 TelKos Modemi &#8211; Paisje q\u00eb sh\u00ebrben p\u00ebr transformimin e t\u00eb dh\u00ebnave n\u00eb [&hellip;]","og_url":"https:\/\/www.telkos.net\/en\/njoftime\/","og_site_name":"Telkos.net","article_modified_time":"2026-03-08T23:33:05+00:00","og_image":[{"url":"https:\/\/www.telkos.net\/wp-content\/uploads\/2026\/03\/NJOFTIME.jpg","type":"","width":"","height":""}],"twitter_card":"summary_large_image","twitter_misc":{"Est. reading time":"7 minutes"},"schema":{"@context":"https:\/\/schema.org","@graph":[{"@type":"WebPage","@id":"https:\/\/www.telkos.net\/njoftime\/","url":"https:\/\/www.telkos.net\/njoftime\/","name":"Njoftime - Telkos.net","isPartOf":{"@id":"https:\/\/www.telkos.net\/#website"},"primaryImageOfPage":{"@id":"https:\/\/www.telkos.net\/njoftime\/#primaryimage"},"image":{"@id":"https:\/\/www.telkos.net\/njoftime\/#primaryimage"},"thumbnailUrl":"https:\/\/www.telkos.net\/wp-content\/uploads\/2026\/03\/NJOFTIME.jpg","datePublished":"2024-08-12T01:29:09+00:00","dateModified":"2026-03-08T23:33:05+00:00","breadcrumb":{"@id":"https:\/\/www.telkos.net\/njoftime\/#breadcrumb"},"inLanguage":"en-US","potentialAction":[{"@type":"ReadAction","target":["https:\/\/www.telkos.net\/njoftime\/"]}]},{"@type":"ImageObject","inLanguage":"en-US","@id":"https:\/\/www.telkos.net\/njoftime\/#primaryimage","url":"https:\/\/www.telkos.net\/wp-content\/uploads\/2026\/03\/NJOFTIME.jpg","contentUrl":"https:\/\/www.telkos.net\/wp-content\/uploads\/2026\/03\/NJOFTIME.jpg"},{"@type":"BreadcrumbList","@id":"https:\/\/www.telkos.net\/njoftime\/#breadcrumb","itemListElement":[{"@type":"ListItem","position":1,"name":"Home","item":"https:\/\/www.telkos.net\/"},{"@type":"ListItem","position":2,"name":"Njoftime"}]},{"@type":"WebSite","@id":"https:\/\/www.telkos.net\/#website","url":"https:\/\/www.telkos.net\/","name":"Telkos.net","description":"","publisher":{"@id":"https:\/\/www.telkos.net\/#organization"},"potentialAction":[{"@type":"SearchAction","target":{"@type":"EntryPoint","urlTemplate":"https:\/\/www.telkos.net\/?s={search_term_string}"},"query-input":{"@type":"PropertyValueSpecification","valueRequired":true,"valueName":"search_term_string"}}],"inLanguage":"en-US"},{"@type":"Organization","@id":"https:\/\/www.telkos.net\/#organization","name":"Telkos.net","url":"https:\/\/www.telkos.net\/","logo":{"@type":"ImageObject","inLanguage":"en-US","@id":"https:\/\/www.telkos.net\/#\/schema\/logo\/image\/","url":"https:\/\/www.telkos.net\/wp-content\/uploads\/2024\/08\/logo-telkos-per-web.png","contentUrl":"https:\/\/www.telkos.net\/wp-content\/uploads\/2024\/08\/logo-telkos-per-web.png","width":1346,"height":744,"caption":"Telkos.net"},"image":{"@id":"https:\/\/www.telkos.net\/#\/schema\/logo\/image\/"}}]}},"_links":{"self":[{"href":"https:\/\/www.telkos.net\/en\/wp-json\/wp\/v2\/pages\/758","targetHints":{"allow":["GET"]}}],"collection":[{"href":"https:\/\/www.telkos.net\/en\/wp-json\/wp\/v2\/pages"}],"about":[{"href":"https:\/\/www.telkos.net\/en\/wp-json\/wp\/v2\/types\/page"}],"author":[{"embeddable":true,"href":"https:\/\/www.telkos.net\/en\/wp-json\/wp\/v2\/users\/2"}],"replies":[{"embeddable":true,"href":"https:\/\/www.telkos.net\/en\/wp-json\/wp\/v2\/comments?post=758"}],"version-history":[{"count":44,"href":"https:\/\/www.telkos.net\/en\/wp-json\/wp\/v2\/pages\/758\/revisions"}],"predecessor-version":[{"id":5526,"href":"https:\/\/www.telkos.net\/en\/wp-json\/wp\/v2\/pages\/758\/revisions\/5526"}],"wp:attachment":[{"href":"https:\/\/www.telkos.net\/en\/wp-json\/wp\/v2\/media?parent=758"}],"curies":[{"name":"wp","href":"https:\/\/api.w.org\/{rel}","templated":true}]}}