{"id":74,"date":"2024-08-08T05:00:14","date_gmt":"2024-08-08T05:00:14","guid":{"rendered":"http:\/\/ienet-demo.local\/?page_id=74"},"modified":"2025-12-27T23:35:36","modified_gmt":"2025-12-27T23:35:36","slug":"testimonial","status":"publish","type":"page","link":"https:\/\/www.telkos.net\/en\/testimonial\/","title":{"rendered":"Testimonial"},"content":{"rendered":"<div data-elementor-type=\"wp-page\" data-elementor-id=\"74\" class=\"elementor elementor-74\">\n\t\t\t\t<div class=\"elementor-element elementor-element-5525a20 e-con-full e-flex e-con e-parent\" data-id=\"5525a20\" data-element_type=\"container\">\n\t\t\t\t<div class=\"elementor-element elementor-element-21e1aab elementor-widget elementor-widget-ienet-testimonials\" data-id=\"21e1aab\" data-element_type=\"widget\" data-widget_type=\"ienet-testimonials.default\">\n\t\t\t\t<div class=\"elementor-widget-container\">\n\t\t\t\t\t\r\n\t<section class=\"testimonials-one testimonials-one--page\">\r\n\t\t<div class=\"container\">\r\n\t\t\t<div class=\"row gutter-y-30\">\r\n\t\t\t\t\t\t\t\t\t<div class=\"col-lg-6\">\r\n\t\t\t\t\t\t<div class=\"testimonials-card wow fadeInUp\" data-wow-duration='1500ms' data-wow-delay='000ms'>\r\n\t\t\t\t\t\t\t<div class=\"testimonials-card__hover\" style=\"background-image: url(https:\/\/ienetwp.bracketweb.com\/wp-content\/uploads\/2025\/04\/testimonial-1-hover.png);\"><\/div>\r\n\t\t\t\t\t\t\t<div class=\"testimonials-card__border-one\"><\/div>\r\n\t\t\t\t\t\t\t<div class=\"testimonials-card__border-two\"><\/div>\r\n\t\t\t\t\t\t\t<div class=\"testimonials-card__rating\">\r\n\t\t\t\t\t\t\t\t\t\t\t\t\t\t\t<\/div><!-- \/.testimonials-card__rating -->\r\n\t\t\t\t\t\t\t<div class=\"testimonials-card__content\">\r\n\t\t\t\t\t\t\t\tInternet Dedicated<br>\nOffering dedicated lines with guaranteed capacity and stable speed. The ideal solution for businesses that require uninterrupted connectivity for applications, internal systems, and secure access to cloud services.\t\t\t\t\t\t\t<\/div><!-- \/.testimonials-card__content -->\r\n\t\t\t\t\t\t\t<div class=\"testimonials-card__author\">\r\n\t\t\t\t\t\t\t\t<img decoding=\"async\" src=\"https:\/\/www.telkos.net\/wp-content\/uploads\/2025\/04\/page-banner-bg.jpg\" alt=\"page-banner-bg\" title=\"page-banner-bg\" >\t\t\t\t\t\t\t\t<h3 class=\"testimonials-card__name\">\r\n\t\t\t\t\t\t\t\t\tInternet Dedicated\t\t\t\t\t\t\t\t<\/h3><!-- \/.testimonials-card__name -->\r\n\t\t\t\t\t\t\t\t<p class=\"testimonials-card__designation\"><\/p><!-- \/.testimonials-card__designation -->\r\n\t\t\t\t\t\t\t<\/div><!-- \/.testimonials-card__author -->\r\n\t\t\t\t\t\t\t<div class=\"testimonials-card__quote\">\r\n\t\t\t\t\t\t\t\t<i class=\"icon-quote\"><\/i>\r\n\t\t\t\t\t\t\t\t<i class=\"icon-quote\"><\/i>\r\n\t\t\t\t\t\t\t<\/div>\r\n\t\t\t\t\t\t<\/div><!-- \/.testimonials-card -->\r\n\t\t\t\t\t<\/div><!-- \/.item -->\r\n\t\t\t\t\t\t\t\t\t<div class=\"col-lg-6\">\r\n\t\t\t\t\t\t<div class=\"testimonials-card wow fadeInUp\" data-wow-duration='1500ms' data-wow-delay='000ms'>\r\n\t\t\t\t\t\t\t<div class=\"testimonials-card__hover\" style=\"background-image: url(https:\/\/ienetwp.bracketweb.com\/wp-content\/uploads\/2025\/04\/testimonial-1-hover.png);\"><\/div>\r\n\t\t\t\t\t\t\t<div class=\"testimonials-card__border-one\"><\/div>\r\n\t\t\t\t\t\t\t<div class=\"testimonials-card__border-two\"><\/div>\r\n\t\t\t\t\t\t\t<div class=\"testimonials-card__rating\">\r\n\t\t\t\t\t\t\t\t\t\t\t\t\t\t\t\t\t<i class=\"fa fa-star\"><\/i>\r\n\t\t\t\t\t\t\t\t\t\t\t\t\t\t\t\t\t<i class=\"fa fa-star\"><\/i>\r\n\t\t\t\t\t\t\t\t\t\t\t\t\t\t\t\t\t<i class=\"fa fa-star\"><\/i>\r\n\t\t\t\t\t\t\t\t\t\t\t\t\t\t\t\t\t<i class=\"fa fa-star\"><\/i>\r\n\t\t\t\t\t\t\t\t\t\t\t\t\t\t\t\t\t<i class=\"fa fa-star\"><\/i>\r\n\t\t\t\t\t\t\t\t\t\t\t\t\t\t\t<\/div><!-- \/.testimonials-card__rating -->\r\n\t\t\t\t\t\t\t<div class=\"testimonials-card__content\">\r\n\t\t\t\t\t\t\t\t Ienet internet Company also impressed us with their transparency regarding costs. The initial quote was accurate,\n                                and they were upfront about any changes or additional expenses that\t\t\t\t\t\t\t<\/div><!-- \/.testimonials-card__content -->\r\n\t\t\t\t\t\t\t<div class=\"testimonials-card__author\">\r\n\t\t\t\t\t\t\t\t<img decoding=\"async\" src=\"https:\/\/www.telkos.net\/wp-content\/uploads\/2024\/08\/testi-1-2.jpg\" alt=\"testi-1-2\" title=\"testi-1-2\" >\t\t\t\t\t\t\t\t<h3 class=\"testimonials-card__name\">\r\n\t\t\t\t\t\t\t\t\tSarah Albert\t\t\t\t\t\t\t\t<\/h3><!-- \/.testimonials-card__name -->\r\n\t\t\t\t\t\t\t\t<p class=\"testimonials-card__designation\">Founder<\/p><!-- \/.testimonials-card__designation -->\r\n\t\t\t\t\t\t\t<\/div><!-- \/.testimonials-card__author -->\r\n\t\t\t\t\t\t\t<div class=\"testimonials-card__quote\">\r\n\t\t\t\t\t\t\t\t<i class=\"icon-quote\"><\/i>\r\n\t\t\t\t\t\t\t\t<i class=\"icon-quote\"><\/i>\r\n\t\t\t\t\t\t\t<\/div>\r\n\t\t\t\t\t\t<\/div><!-- \/.testimonials-card -->\r\n\t\t\t\t\t<\/div><!-- \/.item -->\r\n\t\t\t\t\t\t\t\t\t<div class=\"col-lg-6\">\r\n\t\t\t\t\t\t<div class=\"testimonials-card wow fadeInUp\" data-wow-duration='1500ms' data-wow-delay='000ms'>\r\n\t\t\t\t\t\t\t<div class=\"testimonials-card__hover\" style=\"background-image: url(https:\/\/ienetwp.bracketweb.com\/wp-content\/uploads\/2025\/04\/testimonial-1-hover.png);\"><\/div>\r\n\t\t\t\t\t\t\t<div class=\"testimonials-card__border-one\"><\/div>\r\n\t\t\t\t\t\t\t<div class=\"testimonials-card__border-two\"><\/div>\r\n\t\t\t\t\t\t\t<div class=\"testimonials-card__rating\">\r\n\t\t\t\t\t\t\t\t\t\t\t\t\t\t\t\t\t<i class=\"fa fa-star\"><\/i>\r\n\t\t\t\t\t\t\t\t\t\t\t\t\t\t\t\t\t<i class=\"fa fa-star\"><\/i>\r\n\t\t\t\t\t\t\t\t\t\t\t\t\t\t\t\t\t<i class=\"fa fa-star\"><\/i>\r\n\t\t\t\t\t\t\t\t\t\t\t\t\t\t\t\t\t<i class=\"fa fa-star\"><\/i>\r\n\t\t\t\t\t\t\t\t\t\t\t\t\t\t\t\t\t<i class=\"fa fa-star\"><\/i>\r\n\t\t\t\t\t\t\t\t\t\t\t\t\t\t\t<\/div><!-- \/.testimonials-card__rating -->\r\n\t\t\t\t\t\t\t<div class=\"testimonials-card__content\">\r\n\t\t\t\t\t\t\t\t Ienet internet Company also impressed us with their transparency regarding costs. The initial quote was accurate,\n                                and they were upfront about any changes or additional expenses that\t\t\t\t\t\t\t<\/div><!-- \/.testimonials-card__content -->\r\n\t\t\t\t\t\t\t<div class=\"testimonials-card__author\">\r\n\t\t\t\t\t\t\t\t<img decoding=\"async\" src=\"https:\/\/www.telkos.net\/wp-content\/uploads\/2024\/08\/testi-1-3.jpg\" alt=\"alt\" title=\"testi-1-3\" >\t\t\t\t\t\t\t\t<h3 class=\"testimonials-card__name\">\r\n\t\t\t\t\t\t\t\t\tDavid Cooper\t\t\t\t\t\t\t\t<\/h3><!-- \/.testimonials-card__name -->\r\n\t\t\t\t\t\t\t\t<p class=\"testimonials-card__designation\">Co Founder<\/p><!-- \/.testimonials-card__designation -->\r\n\t\t\t\t\t\t\t<\/div><!-- \/.testimonials-card__author -->\r\n\t\t\t\t\t\t\t<div class=\"testimonials-card__quote\">\r\n\t\t\t\t\t\t\t\t<i class=\"icon-quote\"><\/i>\r\n\t\t\t\t\t\t\t\t<i class=\"icon-quote\"><\/i>\r\n\t\t\t\t\t\t\t<\/div>\r\n\t\t\t\t\t\t<\/div><!-- \/.testimonials-card -->\r\n\t\t\t\t\t<\/div><!-- \/.item -->\r\n\t\t\t\t\t\t\t\t\t<div class=\"col-lg-6\">\r\n\t\t\t\t\t\t<div class=\"testimonials-card wow fadeInUp\" data-wow-duration='1500ms' data-wow-delay='000ms'>\r\n\t\t\t\t\t\t\t<div class=\"testimonials-card__hover\" style=\"background-image: url(https:\/\/ienetwp.bracketweb.com\/wp-content\/uploads\/2025\/04\/testimonial-1-hover.png);\"><\/div>\r\n\t\t\t\t\t\t\t<div class=\"testimonials-card__border-one\"><\/div>\r\n\t\t\t\t\t\t\t<div class=\"testimonials-card__border-two\"><\/div>\r\n\t\t\t\t\t\t\t<div class=\"testimonials-card__rating\">\r\n\t\t\t\t\t\t\t\t\t\t\t\t\t\t\t\t\t<i class=\"fa fa-star\"><\/i>\r\n\t\t\t\t\t\t\t\t\t\t\t\t\t\t\t\t\t<i class=\"fa fa-star\"><\/i>\r\n\t\t\t\t\t\t\t\t\t\t\t\t\t\t\t\t\t<i class=\"fa fa-star\"><\/i>\r\n\t\t\t\t\t\t\t\t\t\t\t\t\t\t\t\t\t<i class=\"fa fa-star\"><\/i>\r\n\t\t\t\t\t\t\t\t\t\t\t\t\t\t\t\t\t<i class=\"fa fa-star\"><\/i>\r\n\t\t\t\t\t\t\t\t\t\t\t\t\t\t\t<\/div><!-- \/.testimonials-card__rating -->\r\n\t\t\t\t\t\t\t<div class=\"testimonials-card__content\">\r\n\t\t\t\t\t\t\t\t Ienet internet Company also impressed us with their transparency regarding costs. The initial quote was accurate,\n                                and they were upfront about any changes or additional expenses that\t\t\t\t\t\t\t<\/div><!-- \/.testimonials-card__content -->\r\n\t\t\t\t\t\t\t<div class=\"testimonials-card__author\">\r\n\t\t\t\t\t\t\t\t<img decoding=\"async\" src=\"https:\/\/www.telkos.net\/wp-content\/uploads\/2024\/08\/testi-1-4.jpg\" alt=\"testi-1-4\" title=\"testi-1-4\" >\t\t\t\t\t\t\t\t<h3 class=\"testimonials-card__name\">\r\n\t\t\t\t\t\t\t\t\tMartin Guptil\t\t\t\t\t\t\t\t<\/h3><!-- \/.testimonials-card__name -->\r\n\t\t\t\t\t\t\t\t<p class=\"testimonials-card__designation\">Customer<\/p><!-- \/.testimonials-card__designation -->\r\n\t\t\t\t\t\t\t<\/div><!-- \/.testimonials-card__author -->\r\n\t\t\t\t\t\t\t<div class=\"testimonials-card__quote\">\r\n\t\t\t\t\t\t\t\t<i class=\"icon-quote\"><\/i>\r\n\t\t\t\t\t\t\t\t<i class=\"icon-quote\"><\/i>\r\n\t\t\t\t\t\t\t<\/div>\r\n\t\t\t\t\t\t<\/div><!-- \/.testimonials-card -->\r\n\t\t\t\t\t<\/div><!-- \/.item -->\r\n\t\t\t\t\t\t\t<\/div>\r\n\t\t<\/div><!-- \/.container -->\r\n\t<\/section>\r\n\r\n\t\t\t\t<\/div>\n\t\t\t\t<\/div>\n\t\t\t\t<\/div>\n\t\t\t\t<\/div>","protected":false},"excerpt":{"rendered":"<p>Internet Dedicated Ofrim i linjave t\u00eb dedikuara me kapacitet t\u00eb garantuar dhe shpejt\u00ebsi t\u00eb q\u00ebndrueshme. Zgjidhja ideale p\u00ebr biznese q\u00eb k\u00ebrkojn\u00eb lidhje t\u00eb pand\u00ebrprer\u00eb p\u00ebr aplikacione, sistemet t\u00eb brendshme dhe qasje t\u00eb sigurt n\u00eb sh\u00ebrbimet cloud. Internet Dedicated Ienet internet Company also impressed us with their transparency regarding costs. The initial quote was accurate, and [&hellip;]<\/p>\n","protected":false},"author":2,"featured_media":0,"parent":0,"menu_order":0,"comment_status":"closed","ping_status":"closed","template":"elementor_header_footer","meta":{"footnotes":""},"class_list":["post-74","page","type-page","status-publish","hentry"],"yoast_head":"<!-- This site is optimized with the Yoast SEO plugin v26.7 - https:\/\/yoast.com\/wordpress\/plugins\/seo\/ -->\n<title>Testimonial - Telkos.net<\/title>\n<meta name=\"robots\" content=\"index, follow, max-snippet:-1, max-image-preview:large, max-video-preview:-1\" \/>\n<link rel=\"canonical\" href=\"https:\/\/www.telkos.net\/en\/testimonial\/\" \/>\n<meta property=\"og:locale\" content=\"en_US\" \/>\n<meta property=\"og:type\" content=\"article\" \/>\n<meta property=\"og:title\" content=\"Testimonial - Telkos.net\" \/>\n<meta property=\"og:description\" content=\"Internet Dedicated Ofrim i linjave t\u00eb dedikuara me kapacitet t\u00eb garantuar dhe shpejt\u00ebsi t\u00eb q\u00ebndrueshme. Zgjidhja ideale p\u00ebr biznese q\u00eb k\u00ebrkojn\u00eb lidhje t\u00eb pand\u00ebrprer\u00eb p\u00ebr aplikacione, sistemet t\u00eb brendshme dhe qasje t\u00eb sigurt n\u00eb sh\u00ebrbimet cloud. Internet Dedicated Ienet internet Company also impressed us with their transparency regarding costs. The initial quote was accurate, and [&hellip;]\" \/>\n<meta property=\"og:url\" content=\"https:\/\/www.telkos.net\/en\/testimonial\/\" \/>\n<meta property=\"og:site_name\" content=\"Telkos.net\" \/>\n<meta property=\"article:modified_time\" content=\"2025-12-27T23:35:36+00:00\" \/>\n<meta property=\"og:image\" content=\"http:\/\/telkos.net\/wordpress\/wp-content\/uploads\/2025\/04\/page-banner-bg.jpg\" \/>\n<meta name=\"twitter:card\" content=\"summary_large_image\" \/>\n<meta name=\"twitter:label1\" content=\"Est. reading time\" \/>\n\t<meta name=\"twitter:data1\" content=\"2 minutes\" \/>\n<script type=\"application\/ld+json\" class=\"yoast-schema-graph\">{\"@context\":\"https:\/\/schema.org\",\"@graph\":[{\"@type\":\"WebPage\",\"@id\":\"https:\/\/www.telkos.net\/testimonial\/\",\"url\":\"https:\/\/www.telkos.net\/testimonial\/\",\"name\":\"Testimonial - Telkos.net\",\"isPartOf\":{\"@id\":\"https:\/\/www.telkos.net\/#website\"},\"primaryImageOfPage\":{\"@id\":\"https:\/\/www.telkos.net\/testimonial\/#primaryimage\"},\"image\":{\"@id\":\"https:\/\/www.telkos.net\/testimonial\/#primaryimage\"},\"thumbnailUrl\":\"http:\/\/testweb.telkos.net\/wordpress\/wp-content\/uploads\/2025\/04\/page-banner-bg.jpg\",\"datePublished\":\"2024-08-08T05:00:14+00:00\",\"dateModified\":\"2025-12-27T23:35:36+00:00\",\"breadcrumb\":{\"@id\":\"https:\/\/www.telkos.net\/testimonial\/#breadcrumb\"},\"inLanguage\":\"en-US\",\"potentialAction\":[{\"@type\":\"ReadAction\",\"target\":[\"https:\/\/www.telkos.net\/testimonial\/\"]}]},{\"@type\":\"ImageObject\",\"inLanguage\":\"en-US\",\"@id\":\"https:\/\/www.telkos.net\/testimonial\/#primaryimage\",\"url\":\"http:\/\/testweb.telkos.net\/wordpress\/wp-content\/uploads\/2025\/04\/page-banner-bg.jpg\",\"contentUrl\":\"http:\/\/testweb.telkos.net\/wordpress\/wp-content\/uploads\/2025\/04\/page-banner-bg.jpg\"},{\"@type\":\"BreadcrumbList\",\"@id\":\"https:\/\/www.telkos.net\/testimonial\/#breadcrumb\",\"itemListElement\":[{\"@type\":\"ListItem\",\"position\":1,\"name\":\"Home\",\"item\":\"https:\/\/www.telkos.net\/\"},{\"@type\":\"ListItem\",\"position\":2,\"name\":\"Testimonial\"}]},{\"@type\":\"WebSite\",\"@id\":\"https:\/\/www.telkos.net\/#website\",\"url\":\"https:\/\/www.telkos.net\/\",\"name\":\"Telkos.net\",\"description\":\"\",\"publisher\":{\"@id\":\"https:\/\/www.telkos.net\/#organization\"},\"potentialAction\":[{\"@type\":\"SearchAction\",\"target\":{\"@type\":\"EntryPoint\",\"urlTemplate\":\"https:\/\/www.telkos.net\/?s={search_term_string}\"},\"query-input\":{\"@type\":\"PropertyValueSpecification\",\"valueRequired\":true,\"valueName\":\"search_term_string\"}}],\"inLanguage\":\"en-US\"},{\"@type\":\"Organization\",\"@id\":\"https:\/\/www.telkos.net\/#organization\",\"name\":\"Telkos.net\",\"url\":\"https:\/\/www.telkos.net\/\",\"logo\":{\"@type\":\"ImageObject\",\"inLanguage\":\"en-US\",\"@id\":\"https:\/\/www.telkos.net\/#\/schema\/logo\/image\/\",\"url\":\"https:\/\/www.telkos.net\/wp-content\/uploads\/2024\/08\/logo-telkos-per-web.png\",\"contentUrl\":\"https:\/\/www.telkos.net\/wp-content\/uploads\/2024\/08\/logo-telkos-per-web.png\",\"width\":1346,\"height\":744,\"caption\":\"Telkos.net\"},\"image\":{\"@id\":\"https:\/\/www.telkos.net\/#\/schema\/logo\/image\/\"}}]}<\/script>\n<!-- \/ Yoast SEO plugin. -->","yoast_head_json":{"title":"Testimonial - Telkos.net","robots":{"index":"index","follow":"follow","max-snippet":"max-snippet:-1","max-image-preview":"max-image-preview:large","max-video-preview":"max-video-preview:-1"},"canonical":"https:\/\/www.telkos.net\/en\/testimonial\/","og_locale":"en_US","og_type":"article","og_title":"Testimonial - Telkos.net","og_description":"Internet Dedicated Ofrim i linjave t\u00eb dedikuara me kapacitet t\u00eb garantuar dhe shpejt\u00ebsi t\u00eb q\u00ebndrueshme. Zgjidhja ideale p\u00ebr biznese q\u00eb k\u00ebrkojn\u00eb lidhje t\u00eb pand\u00ebrprer\u00eb p\u00ebr aplikacione, sistemet t\u00eb brendshme dhe qasje t\u00eb sigurt n\u00eb sh\u00ebrbimet cloud. Internet Dedicated Ienet internet Company also impressed us with their transparency regarding costs. The initial quote was accurate, and [&hellip;]","og_url":"https:\/\/www.telkos.net\/en\/testimonial\/","og_site_name":"Telkos.net","article_modified_time":"2025-12-27T23:35:36+00:00","og_image":[{"url":"http:\/\/telkos.net\/wordpress\/wp-content\/uploads\/2025\/04\/page-banner-bg.jpg","type":"","width":"","height":""}],"twitter_card":"summary_large_image","twitter_misc":{"Est. reading time":"2 minutes"},"schema":{"@context":"https:\/\/schema.org","@graph":[{"@type":"WebPage","@id":"https:\/\/www.telkos.net\/testimonial\/","url":"https:\/\/www.telkos.net\/testimonial\/","name":"Testimonial - Telkos.net","isPartOf":{"@id":"https:\/\/www.telkos.net\/#website"},"primaryImageOfPage":{"@id":"https:\/\/www.telkos.net\/testimonial\/#primaryimage"},"image":{"@id":"https:\/\/www.telkos.net\/testimonial\/#primaryimage"},"thumbnailUrl":"http:\/\/testweb.telkos.net\/wordpress\/wp-content\/uploads\/2025\/04\/page-banner-bg.jpg","datePublished":"2024-08-08T05:00:14+00:00","dateModified":"2025-12-27T23:35:36+00:00","breadcrumb":{"@id":"https:\/\/www.telkos.net\/testimonial\/#breadcrumb"},"inLanguage":"en-US","potentialAction":[{"@type":"ReadAction","target":["https:\/\/www.telkos.net\/testimonial\/"]}]},{"@type":"ImageObject","inLanguage":"en-US","@id":"https:\/\/www.telkos.net\/testimonial\/#primaryimage","url":"http:\/\/testweb.telkos.net\/wordpress\/wp-content\/uploads\/2025\/04\/page-banner-bg.jpg","contentUrl":"http:\/\/testweb.telkos.net\/wordpress\/wp-content\/uploads\/2025\/04\/page-banner-bg.jpg"},{"@type":"BreadcrumbList","@id":"https:\/\/www.telkos.net\/testimonial\/#breadcrumb","itemListElement":[{"@type":"ListItem","position":1,"name":"Home","item":"https:\/\/www.telkos.net\/"},{"@type":"ListItem","position":2,"name":"Testimonial"}]},{"@type":"WebSite","@id":"https:\/\/www.telkos.net\/#website","url":"https:\/\/www.telkos.net\/","name":"Telkos.net","description":"","publisher":{"@id":"https:\/\/www.telkos.net\/#organization"},"potentialAction":[{"@type":"SearchAction","target":{"@type":"EntryPoint","urlTemplate":"https:\/\/www.telkos.net\/?s={search_term_string}"},"query-input":{"@type":"PropertyValueSpecification","valueRequired":true,"valueName":"search_term_string"}}],"inLanguage":"en-US"},{"@type":"Organization","@id":"https:\/\/www.telkos.net\/#organization","name":"Telkos.net","url":"https:\/\/www.telkos.net\/","logo":{"@type":"ImageObject","inLanguage":"en-US","@id":"https:\/\/www.telkos.net\/#\/schema\/logo\/image\/","url":"https:\/\/www.telkos.net\/wp-content\/uploads\/2024\/08\/logo-telkos-per-web.png","contentUrl":"https:\/\/www.telkos.net\/wp-content\/uploads\/2024\/08\/logo-telkos-per-web.png","width":1346,"height":744,"caption":"Telkos.net"},"image":{"@id":"https:\/\/www.telkos.net\/#\/schema\/logo\/image\/"}}]}},"_links":{"self":[{"href":"https:\/\/www.telkos.net\/en\/wp-json\/wp\/v2\/pages\/74","targetHints":{"allow":["GET"]}}],"collection":[{"href":"https:\/\/www.telkos.net\/en\/wp-json\/wp\/v2\/pages"}],"about":[{"href":"https:\/\/www.telkos.net\/en\/wp-json\/wp\/v2\/types\/page"}],"author":[{"embeddable":true,"href":"https:\/\/www.telkos.net\/en\/wp-json\/wp\/v2\/users\/2"}],"replies":[{"embeddable":true,"href":"https:\/\/www.telkos.net\/en\/wp-json\/wp\/v2\/comments?post=74"}],"version-history":[{"count":4,"href":"https:\/\/www.telkos.net\/en\/wp-json\/wp\/v2\/pages\/74\/revisions"}],"predecessor-version":[{"id":3839,"href":"https:\/\/www.telkos.net\/en\/wp-json\/wp\/v2\/pages\/74\/revisions\/3839"}],"wp:attachment":[{"href":"https:\/\/www.telkos.net\/en\/wp-json\/wp\/v2\/media?parent=74"}],"curies":[{"name":"wp","href":"https:\/\/api.w.org\/{rel}","templated":true}]}}