{"id":5569,"date":"2026-04-23T08:48:10","date_gmt":"2026-04-23T07:48:10","guid":{"rendered":"https:\/\/www.telkos.net\/?page_id=5569"},"modified":"2026-04-23T09:05:44","modified_gmt":"2026-04-23T08:05:44","slug":"zgjedh-qytetin-per-e-pagesat","status":"publish","type":"page","link":"https:\/\/www.telkos.net\/en\/zgjedh-qytetin-per-e-pagesat\/","title":{"rendered":"Zgjedh Qytetin p\u00ebr E-Pagesat"},"content":{"rendered":"<div data-elementor-type=\"wp-page\" data-elementor-id=\"5569\" class=\"elementor elementor-5569\">\n\t\t\t\t<div class=\"elementor-element elementor-element-2520244 e-con-full e-flex e-con e-parent\" data-id=\"2520244\" data-element_type=\"container\">\n\t\t\t\t<div class=\"elementor-element elementor-element-f3bdb7f elementor-widget elementor-widget-image\" data-id=\"f3bdb7f\" data-element_type=\"widget\" data-widget_type=\"image.default\">\n\t\t\t\t\t\t\t\t\t\t\t\t\t\t\t<img fetchpriority=\"high\" decoding=\"async\" width=\"1920\" height=\"233\" src=\"https:\/\/www.telkos.net\/wp-content\/uploads\/2026\/03\/E-pagesat-anglisht.jpg\" class=\"attachment-full size-full wp-image-5208\" alt=\"\" srcset=\"https:\/\/www.telkos.net\/wp-content\/uploads\/2026\/03\/E-pagesat-anglisht.jpg 1920w, https:\/\/www.telkos.net\/wp-content\/uploads\/2026\/03\/E-pagesat-anglisht-300x36.jpg 300w, https:\/\/www.telkos.net\/wp-content\/uploads\/2026\/03\/E-pagesat-anglisht-1024x124.jpg 1024w, https:\/\/www.telkos.net\/wp-content\/uploads\/2026\/03\/E-pagesat-anglisht-768x93.jpg 768w, https:\/\/www.telkos.net\/wp-content\/uploads\/2026\/03\/E-pagesat-anglisht-1536x186.jpg 1536w, https:\/\/www.telkos.net\/wp-content\/uploads\/2026\/03\/E-pagesat-anglisht-18x2.jpg 18w\" sizes=\"(max-width: 1920px) 100vw, 1920px\" \/>\t\t\t\t\t\t\t\t\t\t\t\t\t\t\t<\/div>\n\t\t\t\t<\/div>\n\t\t<div class=\"elementor-element elementor-element-9861d33 e-flex e-con-boxed e-con e-parent\" data-id=\"9861d33\" data-element_type=\"container\">\n\t\t\t\t\t<div class=\"e-con-inner\">\n\t\t\t\t<div class=\"elementor-element elementor-element-290dafe elementor-widget elementor-widget-spacer\" data-id=\"290dafe\" data-element_type=\"widget\" data-widget_type=\"spacer.default\">\n\t\t\t\t\t\t\t<div class=\"elementor-spacer\">\n\t\t\t<div class=\"elementor-spacer-inner\"><\/div>\n\t\t<\/div>\n\t\t\t\t\t\t<\/div>\n\t\t\t\t\t<\/div>\n\t\t\t\t<\/div>\n\t\t<div class=\"elementor-element elementor-element-be154d1 e-grid e-con-full e-con e-parent\" data-id=\"be154d1\" data-element_type=\"container\">\n\t\t\t\t<div class=\"elementor-element elementor-element-cc00ebf elementor-widget__width-initial elementor-widget elementor-widget-video\" data-id=\"cc00ebf\" data-element_type=\"widget\" data-settings=\"{&quot;youtube_url&quot;:&quot;https:\\\/\\\/www.youtube.com\\\/watch?v=q3pQfTfVbcw&quot;,&quot;autoplay&quot;:&quot;yes&quot;,&quot;video_type&quot;:&quot;youtube&quot;,&quot;controls&quot;:&quot;yes&quot;}\" data-widget_type=\"video.default\">\n\t\t\t\t\t\t\t<div class=\"elementor-wrapper elementor-open-inline\">\n\t\t\t<div class=\"elementor-video\"><\/div>\t\t<\/div>\n\t\t\t\t\t\t<\/div>\n\t\t\t\t<div class=\"elementor-element elementor-element-594cc7eb elementor-widget__width-initial elementor-widget elementor-widget-text-editor\" data-id=\"594cc7eb\" data-element_type=\"widget\" data-widget_type=\"text-editor.default\">\n\t\t\t\t\t\t\t\t\t<h2 style=\"text-align: center;\"><img decoding=\"async\" class=\"wp-image-2943 aligncenter\" src=\"https:\/\/www.telkos.net\/wp-content\/uploads\/2025\/10\/Lokacioni.png\" alt=\"\" width=\"149\" height=\"125\" \/><select name=\"sample\" onchange=\"location = this.value;\"><option value=\"\">ZGJEDH QYTETIN<\/option><option value=\"https:\/\/ep.telkos.net\">PRISHTIN\u00cb<\/option><option value=\"https:\/\/ep-ardinet.telkos.net\">&#8212; Bardhosh<\/option><option value=\"https:\/\/ep-ardinet.telkos.net\">&#8212; Bernic\u00eb e poshtme<\/option><option value=\"https:\/\/ep-ardinet.telkos.net\">&#8212; Bernic\u00eb e ep\u00ebrme<\/option><option value=\"https:\/\/ep-ardinet.telkos.net\">&#8212; Milefc<\/option><option value=\"https:\/\/ep-ardinet.telkos.net\">&#8212; Trud\u00eb<\/option><option value=\"https:\/\/ep-ardinet.telkos.net\">&#8212; Leban\u00eb<\/option><option value=\"https:\/\/ep-ardinet.telkos.net\">&#8212; Besi<\/option><option value=\"https:\/\/ep-ardinet.telkos.net\">&#8212; Prugofc<\/option><option value=\"https:\/\/ep-ardinet.telkos.net\">&#8212; Barilev\u00eb<\/option><option value=\"https:\/\/ep-ardinet.telkos.net\">&#8212; Drenofc<\/option><option value=\"https:\/\/ep-ardinet.telkos.net\">&#8212; Rimanisht\u00eb<\/option><option value=\"https:\/\/ep-ardinet.telkos.net\">&#8212; Sharban<\/option><option value=\"https:\/\/ep-ardinet.telkos.net\">&#8212; Vranidoll<\/option><option value=\"https:\/\/ep.telkos.net\">FUSH\u00cb KOSOV\u00cb<\/option><option value=\"https:\/\/ep-or.telkos.net\">KAMENIC\u00cb<\/option><option value=\"https:\/\/ep-or.telkos.net\">DRAGASH<\/option><option value=\"https:\/\/ep-or.telkos.net\">GJILAN<\/option><option value=\"https:\/\/ep-elektra.telkos.net\">GJAKOV\u00cb<\/option><option value=\"https:\/\/ep-ardinet.telkos.net\">PODUJEV\u00cb<\/option><option value=\"https:\/\/ep-ardinet.telkos.net\">DRENAS<\/option><option value=\"https:\/\/ep-or.telkos.net\">FERIZAJ<\/option><option value=\"https:\/\/ep-or.telkos.net\">LIPJAN<\/option><option value=\"https:\/\/ep-ardinet.telkos.net\">OBILIQ<\/option><option value=\"https:\/\/ep-ardinet.telkos.net\">VUSHTRRI<\/option><option value=\"https:\/\/ep-ardinet.telkos.net\">MITROVIC\u00cb<\/option><option value=\"https:\/\/ep-ardinet.telkos.net\">KLIN\u00cb<\/option><option value=\"https:\/\/ep-or.telkos.net\">PRIZREN<\/option><option value=\"https:\/\/ep-or.telkos.net\">SHTIME<\/option><option value=\"https:\/\/ep-or.telkos.net\">VITI<\/option><option value=\"https:\/\/ep-or.telkos.net\">ARTAN\u00cb<\/option><option value=\"https:\/\/ep-elektra.telkos.net\">PEJ\u00cb<\/option><option value=\"https:\/\/ep-elektra.telkos.net\">ISTOG<\/option><option value=\"https:\/\/ep-elektra.telkos.net\">DE\u00c7AN<\/option><option value=\"https:\/\/ep-elektra.telkos.net\">JUNIK<\/option><option value=\"https:\/\/ep-elektra.telkos.net\">KA\u00c7ANIK\/K.VJET\u00cbR<\/option><option value=\"https:\/\/ep-elektra.telkos.net\">&#8212; Glloboqic\u00eb<\/option><option value=\"https:\/\/ep-elektra.telkos.net\">&#8212; Shtraz<\/option><option value=\"https:\/\/ep-elektra.telkos.net\">&#8212; Ivaj\u00eb<\/option><option value=\"https:\/\/ep-elektra.telkos.net\">&#8212; Gajre<\/option><option value=\"https:\/\/ep-elektra.telkos.net\">&#8212; Kotlin\u00eb<\/option><option value=\"https:\/\/ep-elektra.telkos.net\">&#8212; Gjurgjedell<\/option><option value=\"https:\/\/ep-elektra.telkos.net\">&#8212; Llanisht\u00eb<\/option><option value=\"https:\/\/ep-ardinet.telkos.net\">MALISHEV\u00cb<\/option><option value=\"https:\/\/ep-ardinet.telkos.net\">KIJEV\u00cb<\/option><option value=\"https:\/\/ep-elektra.telkos.net\">HANI ELEZIT<\/option><option value=\"https:\/\/ep-or.telkos.net\">KA\u00c7ANIK (FSHATRAT)<\/option><option value=\"https:\/\/ep-or.telkos.net\">&#8212; Dubrav\u00eb<\/option><option value=\"https:\/\/ep-or.telkos.net\">&#8212; Biqec<\/option><option value=\"https:\/\/ep-or.telkos.net\">&#8212; Nik<\/option><option value=\"https:\/\/ep-or.telkos.net\">&#8212; Sopot<\/option><option value=\"https:\/\/ep-or.telkos.net\">&#8212; Rek\u00eb<\/option><option value=\"https:\/\/ep-or.telkos.net\">&#8212; Kava\u00e7ec<\/option><option value=\"https:\/\/ep-or.telkos.net\">&#8212; Doganaj<\/option><option value=\"https:\/\/ep-or.telkos.net\">&#8212; Duraj<\/option><option value=\"https:\/\/ep-or.telkos.net\">&#8212; Kogjaj<\/option><option value=\"https:\/\/ep-or.telkos.net\">&#8212; G\u00ebrlic\u00eb e Ep\u00ebrme<\/option><option value=\"https:\/\/ep-or.telkos.net\">&#8212; Vetaj<\/option>\u200b_\u200b_\u200b_<\/select><\/h2>\t\t\t\t\t\t\t\t<\/div>\n\t\t\t\t<\/div>\n\t\t<div class=\"elementor-element elementor-element-429cce7 e-flex e-con-boxed e-con e-parent\" data-id=\"429cce7\" data-element_type=\"container\">\n\t\t\t\t\t<div class=\"e-con-inner\">\n\t\t\t\t<div class=\"elementor-element elementor-element-2f41767 elementor-widget elementor-widget-spacer\" data-id=\"2f41767\" data-element_type=\"widget\" data-widget_type=\"spacer.default\">\n\t\t\t\t\t\t\t<div class=\"elementor-spacer\">\n\t\t\t<div class=\"elementor-spacer-inner\"><\/div>\n\t\t<\/div>\n\t\t\t\t\t\t<\/div>\n\t\t\t\t\t<\/div>\n\t\t\t\t<\/div>\n\t\t\t\t<\/div>","protected":false},"excerpt":{"rendered":"<p>ZGJEDH QYTETINPRISHTIN\u00cb&#8212; Bardhosh&#8212; Bernic\u00eb e poshtme&#8212; Bernic\u00eb e ep\u00ebrme&#8212; Milefc&#8212; Trud\u00eb&#8212; Leban\u00eb&#8212; Besi&#8212; Prugofc&#8212; Barilev\u00eb&#8212; Drenofc&#8212; Rimanisht\u00eb&#8212; Sharban&#8212; VranidollFUSH\u00cb KOSOV\u00cbKAMENIC\u00cbDRAGASHGJILANGJAKOV\u00cbPODUJEV\u00cbDRENASFERIZAJLIPJANOBILIQVUSHTRRIMITROVIC\u00cbKLIN\u00cbPRIZRENSHTIMEVITIARTAN\u00cbPEJ\u00cbISTOGDE\u00c7ANJUNIKKA\u00c7ANIK\/K.VJET\u00cbR&#8212; Glloboqic\u00eb&#8212; Shtraz&#8212; Ivaj\u00eb&#8212; Gajre&#8212; Kotlin\u00eb&#8212; Gjurgjedell&#8212; Llanisht\u00ebMALISHEV\u00cbKIJEV\u00cbHANI ELEZITKA\u00c7ANIK (FSHATRAT)&#8212; Dubrav\u00eb&#8212; Biqec&#8212; Nik&#8212; Sopot&#8212; Rek\u00eb&#8212; Kava\u00e7ec&#8212; Doganaj&#8212; Duraj&#8212; Kogjaj&#8212; G\u00ebrlic\u00eb e Ep\u00ebrme&#8212; Vetaj\u200b_\u200b_\u200b_<\/p>","protected":false},"author":2,"featured_media":0,"parent":0,"menu_order":0,"comment_status":"closed","ping_status":"closed","template":"elementor_header_footer","meta":{"footnotes":""},"class_list":["post-5569","page","type-page","status-publish","hentry"],"yoast_head":"<!-- This site is optimized with the Yoast SEO plugin v26.7 - https:\/\/yoast.com\/wordpress\/plugins\/seo\/ -->\n<title>Zgjedh Qytetin p\u00ebr E-Pagesat - Telkos.net<\/title>\n<meta name=\"robots\" content=\"index, follow, max-snippet:-1, max-image-preview:large, max-video-preview:-1\" \/>\n<link rel=\"canonical\" href=\"https:\/\/www.telkos.net\/en\/zgjedh-qytetin-per-e-pagesat\/\" \/>\n<meta property=\"og:locale\" content=\"en_US\" \/>\n<meta property=\"og:type\" content=\"article\" \/>\n<meta property=\"og:title\" content=\"Zgjedh Qytetin p\u00ebr E-Pagesat - Telkos.net\" \/>\n<meta property=\"og:description\" content=\"ZGJEDH QYTETINPRISHTIN\u00cb&#8212; Bardhosh&#8212; Bernic\u00eb e poshtme&#8212; Bernic\u00eb e ep\u00ebrme&#8212; Milefc&#8212; Trud\u00eb&#8212; Leban\u00eb&#8212; Besi&#8212; Prugofc&#8212; Barilev\u00eb&#8212; Drenofc&#8212; Rimanisht\u00eb&#8212; Sharban&#8212; VranidollFUSH\u00cb KOSOV\u00cbKAMENIC\u00cbDRAGASHGJILANGJAKOV\u00cbPODUJEV\u00cbDRENASFERIZAJLIPJANOBILIQVUSHTRRIMITROVIC\u00cbKLIN\u00cbPRIZRENSHTIMEVITIARTAN\u00cbPEJ\u00cbISTOGDE\u00c7ANJUNIKKA\u00c7ANIK\/K.VJET\u00cbR&#8212; Glloboqic\u00eb&#8212; Shtraz&#8212; Ivaj\u00eb&#8212; Gajre&#8212; Kotlin\u00eb&#8212; Gjurgjedell&#8212; Llanisht\u00ebMALISHEV\u00cbKIJEV\u00cbHANI ELEZITKA\u00c7ANIK (FSHATRAT)&#8212; Dubrav\u00eb&#8212; Biqec&#8212; Nik&#8212; Sopot&#8212; Rek\u00eb&#8212; Kava\u00e7ec&#8212; Doganaj&#8212; Duraj&#8212; Kogjaj&#8212; G\u00ebrlic\u00eb e Ep\u00ebrme&#8212; Vetaj\u200b_\u200b_\u200b_\" \/>\n<meta property=\"og:url\" content=\"https:\/\/www.telkos.net\/en\/zgjedh-qytetin-per-e-pagesat\/\" \/>\n<meta property=\"og:site_name\" content=\"Telkos.net\" \/>\n<meta property=\"article:modified_time\" content=\"2026-04-23T08:05:44+00:00\" \/>\n<meta property=\"og:image\" content=\"https:\/\/www.telkos.net\/wp-content\/uploads\/2026\/03\/E-pagesat.jpg\" \/>\n<meta name=\"twitter:card\" content=\"summary_large_image\" \/>\n<meta name=\"twitter:label1\" content=\"Est. reading time\" \/>\n\t<meta name=\"twitter:data1\" content=\"1 minute\" \/>\n<script type=\"application\/ld+json\" class=\"yoast-schema-graph\">{\"@context\":\"https:\/\/schema.org\",\"@graph\":[{\"@type\":\"WebPage\",\"@id\":\"https:\/\/www.telkos.net\/zgjedh-qytetin-per-e-pagesat\/\",\"url\":\"https:\/\/www.telkos.net\/zgjedh-qytetin-per-e-pagesat\/\",\"name\":\"Zgjedh Qytetin p\u00ebr E-Pagesat - Telkos.net\",\"isPartOf\":{\"@id\":\"https:\/\/www.telkos.net\/#website\"},\"primaryImageOfPage\":{\"@id\":\"https:\/\/www.telkos.net\/zgjedh-qytetin-per-e-pagesat\/#primaryimage\"},\"image\":{\"@id\":\"https:\/\/www.telkos.net\/zgjedh-qytetin-per-e-pagesat\/#primaryimage\"},\"thumbnailUrl\":\"https:\/\/www.telkos.net\/wp-content\/uploads\/2026\/03\/E-pagesat.jpg\",\"datePublished\":\"2026-04-23T07:48:10+00:00\",\"dateModified\":\"2026-04-23T08:05:44+00:00\",\"breadcrumb\":{\"@id\":\"https:\/\/www.telkos.net\/zgjedh-qytetin-per-e-pagesat\/#breadcrumb\"},\"inLanguage\":\"en-US\",\"potentialAction\":[{\"@type\":\"ReadAction\",\"target\":[\"https:\/\/www.telkos.net\/zgjedh-qytetin-per-e-pagesat\/\"]}]},{\"@type\":\"ImageObject\",\"inLanguage\":\"en-US\",\"@id\":\"https:\/\/www.telkos.net\/zgjedh-qytetin-per-e-pagesat\/#primaryimage\",\"url\":\"https:\/\/www.telkos.net\/wp-content\/uploads\/2026\/03\/E-pagesat.jpg\",\"contentUrl\":\"https:\/\/www.telkos.net\/wp-content\/uploads\/2026\/03\/E-pagesat.jpg\"},{\"@type\":\"BreadcrumbList\",\"@id\":\"https:\/\/www.telkos.net\/zgjedh-qytetin-per-e-pagesat\/#breadcrumb\",\"itemListElement\":[{\"@type\":\"ListItem\",\"position\":1,\"name\":\"Home\",\"item\":\"https:\/\/www.telkos.net\/\"},{\"@type\":\"ListItem\",\"position\":2,\"name\":\"Zgjedh Qytetin p\u00ebr E-Pagesat\"}]},{\"@type\":\"WebSite\",\"@id\":\"https:\/\/www.telkos.net\/#website\",\"url\":\"https:\/\/www.telkos.net\/\",\"name\":\"Telkos.net\",\"description\":\"\",\"publisher\":{\"@id\":\"https:\/\/www.telkos.net\/#organization\"},\"potentialAction\":[{\"@type\":\"SearchAction\",\"target\":{\"@type\":\"EntryPoint\",\"urlTemplate\":\"https:\/\/www.telkos.net\/?s={search_term_string}\"},\"query-input\":{\"@type\":\"PropertyValueSpecification\",\"valueRequired\":true,\"valueName\":\"search_term_string\"}}],\"inLanguage\":\"en-US\"},{\"@type\":\"Organization\",\"@id\":\"https:\/\/www.telkos.net\/#organization\",\"name\":\"Telkos.net\",\"url\":\"https:\/\/www.telkos.net\/\",\"logo\":{\"@type\":\"ImageObject\",\"inLanguage\":\"en-US\",\"@id\":\"https:\/\/www.telkos.net\/#\/schema\/logo\/image\/\",\"url\":\"https:\/\/www.telkos.net\/wp-content\/uploads\/2024\/08\/logo-telkos-per-web.png\",\"contentUrl\":\"https:\/\/www.telkos.net\/wp-content\/uploads\/2024\/08\/logo-telkos-per-web.png\",\"width\":1346,\"height\":744,\"caption\":\"Telkos.net\"},\"image\":{\"@id\":\"https:\/\/www.telkos.net\/#\/schema\/logo\/image\/\"}}]}<\/script>\n<!-- \/ Yoast SEO plugin. -->","yoast_head_json":{"title":"Zgjedh Qytetin p\u00ebr E-Pagesat - Telkos.net","robots":{"index":"index","follow":"follow","max-snippet":"max-snippet:-1","max-image-preview":"max-image-preview:large","max-video-preview":"max-video-preview:-1"},"canonical":"https:\/\/www.telkos.net\/en\/zgjedh-qytetin-per-e-pagesat\/","og_locale":"en_US","og_type":"article","og_title":"Zgjedh Qytetin p\u00ebr E-Pagesat - Telkos.net","og_description":"ZGJEDH QYTETINPRISHTIN\u00cb&#8212; Bardhosh&#8212; Bernic\u00eb e poshtme&#8212; Bernic\u00eb e ep\u00ebrme&#8212; Milefc&#8212; Trud\u00eb&#8212; Leban\u00eb&#8212; Besi&#8212; Prugofc&#8212; Barilev\u00eb&#8212; Drenofc&#8212; Rimanisht\u00eb&#8212; Sharban&#8212; VranidollFUSH\u00cb KOSOV\u00cbKAMENIC\u00cbDRAGASHGJILANGJAKOV\u00cbPODUJEV\u00cbDRENASFERIZAJLIPJANOBILIQVUSHTRRIMITROVIC\u00cbKLIN\u00cbPRIZRENSHTIMEVITIARTAN\u00cbPEJ\u00cbISTOGDE\u00c7ANJUNIKKA\u00c7ANIK\/K.VJET\u00cbR&#8212; Glloboqic\u00eb&#8212; Shtraz&#8212; Ivaj\u00eb&#8212; Gajre&#8212; Kotlin\u00eb&#8212; Gjurgjedell&#8212; Llanisht\u00ebMALISHEV\u00cbKIJEV\u00cbHANI ELEZITKA\u00c7ANIK (FSHATRAT)&#8212; Dubrav\u00eb&#8212; Biqec&#8212; Nik&#8212; Sopot&#8212; Rek\u00eb&#8212; Kava\u00e7ec&#8212; Doganaj&#8212; Duraj&#8212; Kogjaj&#8212; G\u00ebrlic\u00eb e Ep\u00ebrme&#8212; Vetaj\u200b_\u200b_\u200b_","og_url":"https:\/\/www.telkos.net\/en\/zgjedh-qytetin-per-e-pagesat\/","og_site_name":"Telkos.net","article_modified_time":"2026-04-23T08:05:44+00:00","og_image":[{"url":"https:\/\/www.telkos.net\/wp-content\/uploads\/2026\/03\/E-pagesat.jpg","type":"","width":"","height":""}],"twitter_card":"summary_large_image","twitter_misc":{"Est. reading time":"1 minute"},"schema":{"@context":"https:\/\/schema.org","@graph":[{"@type":"WebPage","@id":"https:\/\/www.telkos.net\/zgjedh-qytetin-per-e-pagesat\/","url":"https:\/\/www.telkos.net\/zgjedh-qytetin-per-e-pagesat\/","name":"Zgjedh Qytetin p\u00ebr E-Pagesat - Telkos.net","isPartOf":{"@id":"https:\/\/www.telkos.net\/#website"},"primaryImageOfPage":{"@id":"https:\/\/www.telkos.net\/zgjedh-qytetin-per-e-pagesat\/#primaryimage"},"image":{"@id":"https:\/\/www.telkos.net\/zgjedh-qytetin-per-e-pagesat\/#primaryimage"},"thumbnailUrl":"https:\/\/www.telkos.net\/wp-content\/uploads\/2026\/03\/E-pagesat.jpg","datePublished":"2026-04-23T07:48:10+00:00","dateModified":"2026-04-23T08:05:44+00:00","breadcrumb":{"@id":"https:\/\/www.telkos.net\/zgjedh-qytetin-per-e-pagesat\/#breadcrumb"},"inLanguage":"en-US","potentialAction":[{"@type":"ReadAction","target":["https:\/\/www.telkos.net\/zgjedh-qytetin-per-e-pagesat\/"]}]},{"@type":"ImageObject","inLanguage":"en-US","@id":"https:\/\/www.telkos.net\/zgjedh-qytetin-per-e-pagesat\/#primaryimage","url":"https:\/\/www.telkos.net\/wp-content\/uploads\/2026\/03\/E-pagesat.jpg","contentUrl":"https:\/\/www.telkos.net\/wp-content\/uploads\/2026\/03\/E-pagesat.jpg"},{"@type":"BreadcrumbList","@id":"https:\/\/www.telkos.net\/zgjedh-qytetin-per-e-pagesat\/#breadcrumb","itemListElement":[{"@type":"ListItem","position":1,"name":"Home","item":"https:\/\/www.telkos.net\/"},{"@type":"ListItem","position":2,"name":"Zgjedh Qytetin p\u00ebr E-Pagesat"}]},{"@type":"WebSite","@id":"https:\/\/www.telkos.net\/#website","url":"https:\/\/www.telkos.net\/","name":"Telkos.net","description":"","publisher":{"@id":"https:\/\/www.telkos.net\/#organization"},"potentialAction":[{"@type":"SearchAction","target":{"@type":"EntryPoint","urlTemplate":"https:\/\/www.telkos.net\/?s={search_term_string}"},"query-input":{"@type":"PropertyValueSpecification","valueRequired":true,"valueName":"search_term_string"}}],"inLanguage":"en-US"},{"@type":"Organization","@id":"https:\/\/www.telkos.net\/#organization","name":"Telkos.net","url":"https:\/\/www.telkos.net\/","logo":{"@type":"ImageObject","inLanguage":"en-US","@id":"https:\/\/www.telkos.net\/#\/schema\/logo\/image\/","url":"https:\/\/www.telkos.net\/wp-content\/uploads\/2024\/08\/logo-telkos-per-web.png","contentUrl":"https:\/\/www.telkos.net\/wp-content\/uploads\/2024\/08\/logo-telkos-per-web.png","width":1346,"height":744,"caption":"Telkos.net"},"image":{"@id":"https:\/\/www.telkos.net\/#\/schema\/logo\/image\/"}}]}},"_links":{"self":[{"href":"https:\/\/www.telkos.net\/en\/wp-json\/wp\/v2\/pages\/5569","targetHints":{"allow":["GET"]}}],"collection":[{"href":"https:\/\/www.telkos.net\/en\/wp-json\/wp\/v2\/pages"}],"about":[{"href":"https:\/\/www.telkos.net\/en\/wp-json\/wp\/v2\/types\/page"}],"author":[{"embeddable":true,"href":"https:\/\/www.telkos.net\/en\/wp-json\/wp\/v2\/users\/2"}],"replies":[{"embeddable":true,"href":"https:\/\/www.telkos.net\/en\/wp-json\/wp\/v2\/comments?post=5569"}],"version-history":[{"count":22,"href":"https:\/\/www.telkos.net\/en\/wp-json\/wp\/v2\/pages\/5569\/revisions"}],"predecessor-version":[{"id":5591,"href":"https:\/\/www.telkos.net\/en\/wp-json\/wp\/v2\/pages\/5569\/revisions\/5591"}],"wp:attachment":[{"href":"https:\/\/www.telkos.net\/en\/wp-json\/wp\/v2\/media?parent=5569"}],"curies":[{"name":"wp","href":"https:\/\/api.w.org\/{rel}","templated":true}]}}