{"id":3300,"date":"2025-11-01T20:50:29","date_gmt":"2025-11-01T20:50:29","guid":{"rendered":"http:\/\/testweb.telkos.net\/wordpress\/?page_id=3300"},"modified":"2026-03-09T00:29:44","modified_gmt":"2026-03-08T23:29:44","slug":"trajtimi-i-ankesave","status":"publish","type":"page","link":"https:\/\/www.telkos.net\/en\/trajtimi-i-ankesave\/","title":{"rendered":"Handling complaints"},"content":{"rendered":"<div data-elementor-type=\"wp-page\" data-elementor-id=\"3300\" class=\"elementor elementor-3300\">\n\t\t\t\t<div class=\"elementor-element elementor-element-ee7c949 e-con-full e-flex e-con e-parent\" data-id=\"ee7c949\" data-element_type=\"container\">\n\t\t\t\t<div class=\"elementor-element elementor-element-38e5347 elementor-widget elementor-widget-image\" data-id=\"38e5347\" data-element_type=\"widget\" data-widget_type=\"image.default\">\n\t\t\t\t\t\t\t\t\t\t\t\t\t\t\t<img fetchpriority=\"high\" decoding=\"async\" width=\"1920\" height=\"233\" src=\"https:\/\/www.telkos.net\/wp-content\/uploads\/2026\/03\/Trajnimi-i-ankesave-anglisht.jpg\" class=\"attachment-full size-full wp-image-5170\" alt=\"\" srcset=\"https:\/\/www.telkos.net\/wp-content\/uploads\/2026\/03\/Trajnimi-i-ankesave-anglisht.jpg 1920w, https:\/\/www.telkos.net\/wp-content\/uploads\/2026\/03\/Trajnimi-i-ankesave-anglisht-300x36.jpg 300w, https:\/\/www.telkos.net\/wp-content\/uploads\/2026\/03\/Trajnimi-i-ankesave-anglisht-1024x124.jpg 1024w, https:\/\/www.telkos.net\/wp-content\/uploads\/2026\/03\/Trajnimi-i-ankesave-anglisht-768x93.jpg 768w, https:\/\/www.telkos.net\/wp-content\/uploads\/2026\/03\/Trajnimi-i-ankesave-anglisht-1536x186.jpg 1536w, https:\/\/www.telkos.net\/wp-content\/uploads\/2026\/03\/Trajnimi-i-ankesave-anglisht-18x2.jpg 18w\" sizes=\"(max-width: 1920px) 100vw, 1920px\" \/>\t\t\t\t\t\t\t\t\t\t\t\t\t\t\t<\/div>\n\t\t\t\t<\/div>\n\t\t<div class=\"elementor-element elementor-element-be8ebe1 e-flex e-con-boxed e-con e-parent\" data-id=\"be8ebe1\" data-element_type=\"container\">\n\t\t\t\t\t<div class=\"e-con-inner\">\n\t\t\t\t<div class=\"elementor-element elementor-element-baf340d elementor-widget elementor-widget-spacer\" data-id=\"baf340d\" data-element_type=\"widget\" data-widget_type=\"spacer.default\">\n\t\t\t\t\t\t\t<div class=\"elementor-spacer\">\n\t\t\t<div class=\"elementor-spacer-inner\"><\/div>\n\t\t<\/div>\n\t\t\t\t\t\t<\/div>\n\t\t\t\t<div class=\"elementor-element elementor-element-ad5ceb1 elementor-view-default elementor-position-block-start elementor-mobile-position-block-start elementor-widget elementor-widget-icon-box\" data-id=\"ad5ceb1\" data-element_type=\"widget\" data-widget_type=\"icon-box.default\">\n\t\t\t\t\t\t\t<div class=\"elementor-icon-box-wrapper\">\n\n\t\t\t\t\t\t<div class=\"elementor-icon-box-icon\">\n\t\t\t\t<span  class=\"elementor-icon\">\n\t\t\t\t<i aria-hidden=\"true\" class=\"fas fa-user-tie\"><\/i>\t\t\t\t<\/span>\n\t\t\t<\/div>\n\t\t\t\n\t\t\t\n\t\t<\/div>\n\t\t\t\t\t\t<\/div>\n\t\t\t\t<div class=\"elementor-element elementor-element-1ea6852 elementor-widget elementor-widget-text-editor\" data-id=\"1ea6852\" data-element_type=\"widget\" data-widget_type=\"text-editor.default\">\n\t\t\t\t\t\t\t\t\t<ol><li>The User has the right to submit a written complaint in the event of a change in contractual terms by the Operator.<\/li><li>The complaint must be sent electronically to the Operator's official address: <a href=\"mailto:info@telkos.net\"><strong>info@telkos.net<\/strong><\/a>.<\/li><li>The User's written complaint must be submitted to <strong>Operator<\/strong> within fifteen (15) days from receipt of the invoice for the service provided, if the complaint refers to the amount invoiced for the service provided and within thirty (30) days from the provision of the service, if the complaint refers to the quality of the service provided.<\/li><li>The Operator is obliged to handle the User's complaints about channels within seven (7) days after receiving the complaint and the complaints about internet services within fifteen (15) days after receiving the complaint.<\/li><li>Complaints related to the interruption of channel service must be handled no later than three (3) days from their submission.<\/li><li>In cases where the parties' attempts to resolve disputes through negotiations fail, the parties may initiate a dispute resolution procedure at RAEPC.<\/li><li>If the User wishes to address RAEPC with a request to resolve a dispute with the Operator, he must submit the request to RAEPC within fifteen (15) days after receiving the written response from the Operator.<\/li><\/ol>\t\t\t\t\t\t\t\t<\/div>\n\t\t\t\t<div class=\"elementor-element elementor-element-771214f elementor-widget elementor-widget-spacer\" data-id=\"771214f\" data-element_type=\"widget\" data-widget_type=\"spacer.default\">\n\t\t\t\t\t\t\t<div class=\"elementor-spacer\">\n\t\t\t<div class=\"elementor-spacer-inner\"><\/div>\n\t\t<\/div>\n\t\t\t\t\t\t<\/div>\n\t\t\t\t\t<\/div>\n\t\t\t\t<\/div>\n\t\t\t\t<\/div>","protected":false},"excerpt":{"rendered":"<p>P\u00ebrdoruesi ka t\u00eb drejt\u00eb t\u00eb paraqes ankes\u00eb me shkrim n\u00eb rast t\u00eb ndryshimit t\u00eb kushteve kontraktuale nga ana e Operatorit. Ankesa duhet t\u00eb d\u00ebrgohet n\u00eb form\u00eb elektronike n\u00eb adres\u00ebn zyrtare t\u00eb Operatorit: info@telkos.net. Ankesa me shkrim e P\u00ebrdoruesit duhet t\u2019i dor\u00ebzohet Operatorit brenda pes\u00ebmb\u00ebdhjet\u00eb (15) dit\u00ebve, nga marrja e fatur\u00ebs p\u00ebr sh\u00ebrbimin e ofruar, n\u00ebse [&hellip;]<\/p>\n","protected":false},"author":2,"featured_media":0,"parent":0,"menu_order":0,"comment_status":"closed","ping_status":"closed","template":"elementor_header_footer","meta":{"footnotes":""},"class_list":["post-3300","page","type-page","status-publish","hentry"],"yoast_head":"<!-- This site is optimized with the Yoast SEO plugin v26.7 - https:\/\/yoast.com\/wordpress\/plugins\/seo\/ -->\n<title>Trajtimi i ankesave - Telkos.net<\/title>\n<meta name=\"robots\" content=\"index, follow, max-snippet:-1, max-image-preview:large, max-video-preview:-1\" \/>\n<link rel=\"canonical\" href=\"https:\/\/www.telkos.net\/en\/trajtimi-i-ankesave\/\" \/>\n<meta property=\"og:locale\" content=\"en_US\" \/>\n<meta property=\"og:type\" content=\"article\" \/>\n<meta property=\"og:title\" content=\"Trajtimi i ankesave - Telkos.net\" \/>\n<meta property=\"og:description\" content=\"P\u00ebrdoruesi ka t\u00eb drejt\u00eb t\u00eb paraqes ankes\u00eb me shkrim n\u00eb rast t\u00eb ndryshimit t\u00eb kushteve kontraktuale nga ana e Operatorit. Ankesa duhet t\u00eb d\u00ebrgohet n\u00eb form\u00eb elektronike n\u00eb adres\u00ebn zyrtare t\u00eb Operatorit: info@telkos.net. Ankesa me shkrim e P\u00ebrdoruesit duhet t\u2019i dor\u00ebzohet Operatorit brenda pes\u00ebmb\u00ebdhjet\u00eb (15) dit\u00ebve, nga marrja e fatur\u00ebs p\u00ebr sh\u00ebrbimin e ofruar, n\u00ebse [&hellip;]\" \/>\n<meta property=\"og:url\" content=\"https:\/\/www.telkos.net\/en\/trajtimi-i-ankesave\/\" \/>\n<meta property=\"og:site_name\" content=\"Telkos.net\" \/>\n<meta property=\"article:modified_time\" content=\"2026-03-08T23:29:44+00:00\" \/>\n<meta property=\"og:image\" content=\"https:\/\/www.telkos.net\/wp-content\/uploads\/2026\/03\/Trajnimi-i-ankesave.jpg\" \/>\n<meta name=\"twitter:card\" content=\"summary_large_image\" \/>\n<meta name=\"twitter:label1\" content=\"Est. reading time\" \/>\n\t<meta name=\"twitter:data1\" content=\"1 minute\" \/>\n<script type=\"application\/ld+json\" class=\"yoast-schema-graph\">{\"@context\":\"https:\/\/schema.org\",\"@graph\":[{\"@type\":\"WebPage\",\"@id\":\"https:\/\/www.telkos.net\/trajtimi-i-ankesave\/\",\"url\":\"https:\/\/www.telkos.net\/trajtimi-i-ankesave\/\",\"name\":\"Trajtimi i ankesave - Telkos.net\",\"isPartOf\":{\"@id\":\"https:\/\/www.telkos.net\/#website\"},\"primaryImageOfPage\":{\"@id\":\"https:\/\/www.telkos.net\/trajtimi-i-ankesave\/#primaryimage\"},\"image\":{\"@id\":\"https:\/\/www.telkos.net\/trajtimi-i-ankesave\/#primaryimage\"},\"thumbnailUrl\":\"https:\/\/www.telkos.net\/wp-content\/uploads\/2026\/03\/Trajnimi-i-ankesave.jpg\",\"datePublished\":\"2025-11-01T20:50:29+00:00\",\"dateModified\":\"2026-03-08T23:29:44+00:00\",\"breadcrumb\":{\"@id\":\"https:\/\/www.telkos.net\/trajtimi-i-ankesave\/#breadcrumb\"},\"inLanguage\":\"en-US\",\"potentialAction\":[{\"@type\":\"ReadAction\",\"target\":[\"https:\/\/www.telkos.net\/trajtimi-i-ankesave\/\"]}]},{\"@type\":\"ImageObject\",\"inLanguage\":\"en-US\",\"@id\":\"https:\/\/www.telkos.net\/trajtimi-i-ankesave\/#primaryimage\",\"url\":\"https:\/\/www.telkos.net\/wp-content\/uploads\/2026\/03\/Trajnimi-i-ankesave.jpg\",\"contentUrl\":\"https:\/\/www.telkos.net\/wp-content\/uploads\/2026\/03\/Trajnimi-i-ankesave.jpg\"},{\"@type\":\"BreadcrumbList\",\"@id\":\"https:\/\/www.telkos.net\/trajtimi-i-ankesave\/#breadcrumb\",\"itemListElement\":[{\"@type\":\"ListItem\",\"position\":1,\"name\":\"Home\",\"item\":\"https:\/\/www.telkos.net\/\"},{\"@type\":\"ListItem\",\"position\":2,\"name\":\"Trajtimi i ankesave\"}]},{\"@type\":\"WebSite\",\"@id\":\"https:\/\/www.telkos.net\/#website\",\"url\":\"https:\/\/www.telkos.net\/\",\"name\":\"Telkos.net\",\"description\":\"\",\"publisher\":{\"@id\":\"https:\/\/www.telkos.net\/#organization\"},\"potentialAction\":[{\"@type\":\"SearchAction\",\"target\":{\"@type\":\"EntryPoint\",\"urlTemplate\":\"https:\/\/www.telkos.net\/?s={search_term_string}\"},\"query-input\":{\"@type\":\"PropertyValueSpecification\",\"valueRequired\":true,\"valueName\":\"search_term_string\"}}],\"inLanguage\":\"en-US\"},{\"@type\":\"Organization\",\"@id\":\"https:\/\/www.telkos.net\/#organization\",\"name\":\"Telkos.net\",\"url\":\"https:\/\/www.telkos.net\/\",\"logo\":{\"@type\":\"ImageObject\",\"inLanguage\":\"en-US\",\"@id\":\"https:\/\/www.telkos.net\/#\/schema\/logo\/image\/\",\"url\":\"https:\/\/www.telkos.net\/wp-content\/uploads\/2024\/08\/logo-telkos-per-web.png\",\"contentUrl\":\"https:\/\/www.telkos.net\/wp-content\/uploads\/2024\/08\/logo-telkos-per-web.png\",\"width\":1346,\"height\":744,\"caption\":\"Telkos.net\"},\"image\":{\"@id\":\"https:\/\/www.telkos.net\/#\/schema\/logo\/image\/\"}}]}<\/script>\n<!-- \/ Yoast SEO plugin. -->","yoast_head_json":{"title":"Trajtimi i ankesave - Telkos.net","robots":{"index":"index","follow":"follow","max-snippet":"max-snippet:-1","max-image-preview":"max-image-preview:large","max-video-preview":"max-video-preview:-1"},"canonical":"https:\/\/www.telkos.net\/en\/trajtimi-i-ankesave\/","og_locale":"en_US","og_type":"article","og_title":"Trajtimi i ankesave - Telkos.net","og_description":"P\u00ebrdoruesi ka t\u00eb drejt\u00eb t\u00eb paraqes ankes\u00eb me shkrim n\u00eb rast t\u00eb ndryshimit t\u00eb kushteve kontraktuale nga ana e Operatorit. Ankesa duhet t\u00eb d\u00ebrgohet n\u00eb form\u00eb elektronike n\u00eb adres\u00ebn zyrtare t\u00eb Operatorit: info@telkos.net. Ankesa me shkrim e P\u00ebrdoruesit duhet t\u2019i dor\u00ebzohet Operatorit brenda pes\u00ebmb\u00ebdhjet\u00eb (15) dit\u00ebve, nga marrja e fatur\u00ebs p\u00ebr sh\u00ebrbimin e ofruar, n\u00ebse [&hellip;]","og_url":"https:\/\/www.telkos.net\/en\/trajtimi-i-ankesave\/","og_site_name":"Telkos.net","article_modified_time":"2026-03-08T23:29:44+00:00","og_image":[{"url":"https:\/\/www.telkos.net\/wp-content\/uploads\/2026\/03\/Trajnimi-i-ankesave.jpg","type":"","width":"","height":""}],"twitter_card":"summary_large_image","twitter_misc":{"Est. reading time":"1 minute"},"schema":{"@context":"https:\/\/schema.org","@graph":[{"@type":"WebPage","@id":"https:\/\/www.telkos.net\/trajtimi-i-ankesave\/","url":"https:\/\/www.telkos.net\/trajtimi-i-ankesave\/","name":"Trajtimi i ankesave - Telkos.net","isPartOf":{"@id":"https:\/\/www.telkos.net\/#website"},"primaryImageOfPage":{"@id":"https:\/\/www.telkos.net\/trajtimi-i-ankesave\/#primaryimage"},"image":{"@id":"https:\/\/www.telkos.net\/trajtimi-i-ankesave\/#primaryimage"},"thumbnailUrl":"https:\/\/www.telkos.net\/wp-content\/uploads\/2026\/03\/Trajnimi-i-ankesave.jpg","datePublished":"2025-11-01T20:50:29+00:00","dateModified":"2026-03-08T23:29:44+00:00","breadcrumb":{"@id":"https:\/\/www.telkos.net\/trajtimi-i-ankesave\/#breadcrumb"},"inLanguage":"en-US","potentialAction":[{"@type":"ReadAction","target":["https:\/\/www.telkos.net\/trajtimi-i-ankesave\/"]}]},{"@type":"ImageObject","inLanguage":"en-US","@id":"https:\/\/www.telkos.net\/trajtimi-i-ankesave\/#primaryimage","url":"https:\/\/www.telkos.net\/wp-content\/uploads\/2026\/03\/Trajnimi-i-ankesave.jpg","contentUrl":"https:\/\/www.telkos.net\/wp-content\/uploads\/2026\/03\/Trajnimi-i-ankesave.jpg"},{"@type":"BreadcrumbList","@id":"https:\/\/www.telkos.net\/trajtimi-i-ankesave\/#breadcrumb","itemListElement":[{"@type":"ListItem","position":1,"name":"Home","item":"https:\/\/www.telkos.net\/"},{"@type":"ListItem","position":2,"name":"Trajtimi i ankesave"}]},{"@type":"WebSite","@id":"https:\/\/www.telkos.net\/#website","url":"https:\/\/www.telkos.net\/","name":"Telkos.net","description":"","publisher":{"@id":"https:\/\/www.telkos.net\/#organization"},"potentialAction":[{"@type":"SearchAction","target":{"@type":"EntryPoint","urlTemplate":"https:\/\/www.telkos.net\/?s={search_term_string}"},"query-input":{"@type":"PropertyValueSpecification","valueRequired":true,"valueName":"search_term_string"}}],"inLanguage":"en-US"},{"@type":"Organization","@id":"https:\/\/www.telkos.net\/#organization","name":"Telkos.net","url":"https:\/\/www.telkos.net\/","logo":{"@type":"ImageObject","inLanguage":"en-US","@id":"https:\/\/www.telkos.net\/#\/schema\/logo\/image\/","url":"https:\/\/www.telkos.net\/wp-content\/uploads\/2024\/08\/logo-telkos-per-web.png","contentUrl":"https:\/\/www.telkos.net\/wp-content\/uploads\/2024\/08\/logo-telkos-per-web.png","width":1346,"height":744,"caption":"Telkos.net"},"image":{"@id":"https:\/\/www.telkos.net\/#\/schema\/logo\/image\/"}}]}},"_links":{"self":[{"href":"https:\/\/www.telkos.net\/en\/wp-json\/wp\/v2\/pages\/3300","targetHints":{"allow":["GET"]}}],"collection":[{"href":"https:\/\/www.telkos.net\/en\/wp-json\/wp\/v2\/pages"}],"about":[{"href":"https:\/\/www.telkos.net\/en\/wp-json\/wp\/v2\/types\/page"}],"author":[{"embeddable":true,"href":"https:\/\/www.telkos.net\/en\/wp-json\/wp\/v2\/users\/2"}],"replies":[{"embeddable":true,"href":"https:\/\/www.telkos.net\/en\/wp-json\/wp\/v2\/comments?post=3300"}],"version-history":[{"count":43,"href":"https:\/\/www.telkos.net\/en\/wp-json\/wp\/v2\/pages\/3300\/revisions"}],"predecessor-version":[{"id":5173,"href":"https:\/\/www.telkos.net\/en\/wp-json\/wp\/v2\/pages\/3300\/revisions\/5173"}],"wp:attachment":[{"href":"https:\/\/www.telkos.net\/en\/wp-json\/wp\/v2\/media?parent=3300"}],"curies":[{"name":"wp","href":"https:\/\/api.w.org\/{rel}","templated":true}]}}