{"id":3038,"date":"2025-10-26T23:54:18","date_gmt":"2025-10-26T23:54:18","guid":{"rendered":"http:\/\/testweb.telkos.net\/wordpress\/?page_id=3038"},"modified":"2026-05-12T14:40:20","modified_gmt":"2026-05-12T13:40:20","slug":"mundesi-punesimi","status":"publish","type":"page","link":"https:\/\/www.telkos.net\/en\/mundesi-punesimi\/","title":{"rendered":"Employment opportunities"},"content":{"rendered":"<div data-elementor-type=\"wp-page\" data-elementor-id=\"3038\" class=\"elementor elementor-3038\">\n\t\t\t\t<div class=\"elementor-element elementor-element-6fb5658 e-con-full e-flex e-con e-parent\" data-id=\"6fb5658\" data-element_type=\"container\">\n\t\t\t\t<div class=\"elementor-element elementor-element-18007c6 elementor-widget elementor-widget-image\" data-id=\"18007c6\" data-element_type=\"widget\" data-widget_type=\"image.default\">\n\t\t\t\t\t\t\t\t\t\t\t\t\t\t\t<img fetchpriority=\"high\" decoding=\"async\" width=\"1920\" height=\"233\" src=\"https:\/\/www.telkos.net\/wp-content\/uploads\/2026\/03\/mundessi-punesimi-anglisht.jpg\" class=\"attachment-full size-full wp-image-5200\" alt=\"\" srcset=\"https:\/\/www.telkos.net\/wp-content\/uploads\/2026\/03\/mundessi-punesimi-anglisht.jpg 1920w, https:\/\/www.telkos.net\/wp-content\/uploads\/2026\/03\/mundessi-punesimi-anglisht-300x36.jpg 300w, https:\/\/www.telkos.net\/wp-content\/uploads\/2026\/03\/mundessi-punesimi-anglisht-1024x124.jpg 1024w, https:\/\/www.telkos.net\/wp-content\/uploads\/2026\/03\/mundessi-punesimi-anglisht-768x93.jpg 768w, https:\/\/www.telkos.net\/wp-content\/uploads\/2026\/03\/mundessi-punesimi-anglisht-1536x186.jpg 1536w, https:\/\/www.telkos.net\/wp-content\/uploads\/2026\/03\/mundessi-punesimi-anglisht-18x2.jpg 18w\" sizes=\"(max-width: 1920px) 100vw, 1920px\" \/>\t\t\t\t\t\t\t\t\t\t\t\t\t\t\t<\/div>\n\t\t\t\t<\/div>\n\t\t<div class=\"elementor-element elementor-element-11ebdd4 e-flex e-con-boxed e-con e-parent\" data-id=\"11ebdd4\" data-element_type=\"container\">\n\t\t\t\t\t<div class=\"e-con-inner\">\n\t\t\t\t<div class=\"elementor-element elementor-element-3d5aee0 elementor-widget elementor-widget-text-editor\" data-id=\"3d5aee0\" data-element_type=\"widget\" data-widget_type=\"text-editor.default\">\n\t\t\t\t\t\t\t\t\t<p>\u00a0<\/p><p style=\"text-align: center;\"><strong>KONKURS PUNE<\/strong><\/p><p>Telkos L.L.C shpall konkurs p\u00ebr pozit\u00ebn:<br \/><span style=\"font-size: 14px;\">Agjent\/e e P\u00ebrkrahjes Teknike<br \/><\/span><span style=\"font-size: 14px;\">Vendi i pun\u00ebs: Prishtin\u00eb<\/span><\/p><h3><span style=\"font-size: 14px;\">Detyrat dhe P\u00ebrgjegj\u00ebsit\u00eb<\/span><\/h3><ul><li><span id=\"m_1407939758353053622ext-gen1470\" style=\"font-size: 14px;\">Menaxhimi i thirrjeve hyr\u00ebse dhe dal\u00ebse n\u00eb m\u00ebnyr\u00eb profesionale dhe efikase;<\/span><\/li><li><span style=\"font-size: 14px;\">Ofrimi i p\u00ebrkrahjes dhe asistenc\u00ebs teknike p\u00ebr klient\u00ebt;<\/span><\/li><li><span style=\"font-size: 14px;\">Identifikimi i nevojave t\u00eb klient\u00ebve dhe ofrimi i zgjidhjeve adekuate;<\/span><\/li><li><span style=\"font-size: 14px;\">Bashk\u00ebpunimi me ekipet tjera p\u00ebr zgjidhjen e \u00e7\u00ebshtjeve teknike dhe operative;<\/span><\/li><li><span style=\"font-size: 14px;\">Mbajtja e evidencave dhe raportimeve t\u00eb sakta n\u00eb sistem;<\/span><\/li><li><span style=\"font-size: 14px;\">Nd\u00ebrtimi dhe mir\u00ebmbajtja e marr\u00ebdh\u00ebnieve profesionale me klient\u00ebt;<\/span><\/li><li><span style=\"font-size: 14px;\">Menaxhimi i pajisjeve dhe programeve teknologjike t\u00eb NOC-it sipas procedurave t\u00eb kompanis\u00eb;<\/span><\/li><li><span style=\"font-size: 14px;\">Kryerja e detyrave tjera q\u00eb lidhen me pozit\u00ebn dhe k\u00ebrkesat operative t\u00eb kompanis\u00eb.<\/span><\/li><\/ul><h3><span style=\"font-size: 14px;\">Kualifikimet dhe K\u00ebrkesat<\/span><\/h3><ul><li><span style=\"font-size: 14px;\">Aft\u00ebsi shum\u00eb t\u00eb mira komunikimi dhe pune me klient\u00eb;<\/span><\/li><li><span style=\"font-size: 14px;\">Preferohet p\u00ebrgatitje universitare;<\/span><\/li><li><span style=\"font-size: 14px;\">Njohuri dhe p\u00ebrdorim i mir\u00eb i teknologjis\u00eb dhe programeve kompjuterike;<\/span><\/li><li><span style=\"font-size: 14px;\">Aft\u00ebsi p\u00ebr pun\u00eb n\u00eb ekip dhe zgjidhje problemesh;<\/span><\/li><li><span style=\"font-size: 14px;\">P\u00ebrgjegj\u00ebsi, organizim dhe profesionaliz\u00ebm n\u00eb pun\u00eb.<\/span><\/li><\/ul>\t\t\t\t\t\t\t\t<\/div>\n\t\t\t\t\t<\/div>\n\t\t\t\t<\/div>\n\t\t<div class=\"elementor-element elementor-element-006c639 e-flex e-con-boxed e-con e-parent\" data-id=\"006c639\" data-element_type=\"container\">\n\t\t\t\t\t<div class=\"e-con-inner\">\n\t\t\t\t<div class=\"elementor-element elementor-element-34f26ab elementor-widget-divider--view-line elementor-widget elementor-widget-divider\" data-id=\"34f26ab\" data-element_type=\"widget\" data-widget_type=\"divider.default\">\n\t\t\t\t\t\t\t<div class=\"elementor-divider\">\n\t\t\t<span class=\"elementor-divider-separator\">\n\t\t\t\t\t\t<\/span>\n\t\t<\/div>\n\t\t\t\t\t\t<\/div>\n\t\t\t\t<div class=\"elementor-element elementor-element-8b5540e elementor-widget elementor-widget-heading\" data-id=\"8b5540e\" data-element_type=\"widget\" data-widget_type=\"heading.default\">\n\t\t\t\t\t<h2 class=\"elementor-heading-title elementor-size-default\">JOB APPLICATION<\/h2>\t\t\t\t<\/div>\n\t\t\t\t<div class=\"elementor-element elementor-element-a40b2d3 elementor-widget elementor-widget-spacer\" data-id=\"a40b2d3\" data-element_type=\"widget\" data-widget_type=\"spacer.default\">\n\t\t\t\t\t\t\t<div class=\"elementor-spacer\">\n\t\t\t<div class=\"elementor-spacer-inner\"><\/div>\n\t\t<\/div>\n\t\t\t\t\t\t<\/div>\n\t\t\t\t<div class=\"elementor-element elementor-element-5971e65a elementor-widget elementor-widget-shortcode\" data-id=\"5971e65a\" data-element_type=\"widget\" data-widget_type=\"shortcode.default\">\n\t\t\t\t\t\t\t<div class=\"elementor-shortcode\">\n<div class=\"wpcf7 no-js\" id=\"wpcf7-f2783-o1\" lang=\"sq-AL\" dir=\"ltr\" data-wpcf7-id=\"2783\">\n<div class=\"screen-reader-response\"><p role=\"status\" aria-live=\"polite\" aria-atomic=\"true\"><\/p> <ul><\/ul><\/div>\n<form action=\"\/en\/wp-json\/wp\/v2\/pages\/3038#wpcf7-f2783-o1\" method=\"post\" class=\"wpcf7-form init\" aria-label=\"Contact form\" enctype=\"multipart\/form-data\" novalidate=\"novalidate\" data-status=\"init\" data-trp-original-action=\"\/en\/wp-json\/wp\/v2\/pages\/3038#wpcf7-f2783-o1\">\n<fieldset class=\"hidden-fields-container\"><input type=\"hidden\" name=\"_wpcf7\" value=\"2783\" \/><input type=\"hidden\" name=\"_wpcf7_version\" value=\"6.1.4\" \/><input type=\"hidden\" name=\"_wpcf7_locale\" value=\"sq_AL\" \/><input type=\"hidden\" name=\"_wpcf7_unit_tag\" value=\"wpcf7-f2783-o1\" \/><input type=\"hidden\" name=\"_wpcf7_container_post\" value=\"0\" \/><input type=\"hidden\" name=\"_wpcf7_posted_data_hash\" value=\"\" \/><input type=\"hidden\" name=\"_wpcf7cf_hidden_group_fields\" value=\"[]\" \/><input type=\"hidden\" name=\"_wpcf7cf_hidden_groups\" value=\"[]\" \/><input type=\"hidden\" name=\"_wpcf7cf_visible_groups\" value=\"[]\" \/><input type=\"hidden\" name=\"_wpcf7cf_repeaters\" value=\"[]\" \/><input type=\"hidden\" name=\"_wpcf7cf_steps\" value=\"{}\" \/><input type=\"hidden\" name=\"_wpcf7cf_options\" value=\"{&quot;form_id&quot;:2783,&quot;conditions&quot;:[],&quot;settings&quot;:{&quot;animation&quot;:&quot;yes&quot;,&quot;animation_intime&quot;:200,&quot;animation_outtime&quot;:200,&quot;conditions_ui&quot;:&quot;normal&quot;,&quot;notice_dismissed&quot;:false,&quot;repeater_remove_button&quot;:&quot;bottom&quot;,&quot;notice_dismissed_update-cf7-6.1.5&quot;:true}}\" \/>\n<\/fieldset>\n<label> Name*\n    <span class=\"wpcf7-form-control-wrap\" data-name=\"your-name\"><input size=\"40\" maxlength=\"400\" class=\"wpcf7-form-control wpcf7-text wpcf7-validates-as-required\" aria-required=\"true\" aria-invalid=\"false\" value=\"\" type=\"text\" name=\"your-name\" \/><\/span> <\/label>\n<br><\/br>\n<label> Email*\n    <span class=\"wpcf7-form-control-wrap\" data-name=\"your-email\"><input size=\"40\" maxlength=\"400\" class=\"wpcf7-form-control wpcf7-email wpcf7-validates-as-required wpcf7-text wpcf7-validates-as-email\" aria-required=\"true\" aria-invalid=\"false\" value=\"\" type=\"email\" name=\"your-email\" \/><\/span> <\/label>\n<br><\/br>\n<label> Subjekti:*\n<span class=\"wpcf7-form-control-wrap\" data-name=\"your-subject\"><input size=\"40\" maxlength=\"400\" class=\"wpcf7-form-control wpcf7-text wpcf7-validates-as-required\" aria-required=\"true\" aria-invalid=\"false\" value=\"\" type=\"text\" name=\"your-subject\" \/><\/span> <\/label>\n<br><\/br>\n<label> Select city*\n<span class=\"wpcf7-form-control-wrap\" data-name=\"Zgjedhqytetin\"><select class=\"wpcf7-form-control wpcf7-select wpcf7-validates-as-required\" aria-required=\"true\" aria-invalid=\"false\" name=\"Zgjedhqytetin\"><option value=\"\">&#8212;Please choose an option&#8212;<\/option><option value=\"PRISHTIN\u00cb\">PRISHTIN\u00cb<\/option><option value=\"FUSH\u00cb KOSOV\u00cb\">FUSH\u00cb KOSOV\u00cb<\/option><option value=\"KAMENIC\u00cb\">KAMENIC\u00cb<\/option><option value=\"DRAGASH\">DRAGASH<\/option><option value=\"GJILAN&lt;\">GJILAN&lt;<\/option><option value=\"PODUJEV\u00cb\">PODUJEV\u00cb<\/option><option value=\"FERIZAJ\">FERIZAJ<\/option><option value=\"LIPJAN\">LIPJAN<\/option><option value=\"OBILIQ\">OBILIQ<\/option><option value=\"VUSHTRRI\">VUSHTRRI<\/option><option value=\"MITROVIC\u00cb\">MITROVIC\u00cb<\/option><option value=\"PRIZREN\">PRIZREN<\/option><option value=\"SHTIME\">SHTIME<\/option><option value=\"VITI\">VITI<\/option><option value=\"ARTAN\u00cb\">ARTAN\u00cb<\/option><option value=\"PEJ\u00cb\">PEJ\u00cb<\/option><option value=\"DE\u00c7AN\">DE\u00c7AN<\/option><option value=\"JUNIK\">JUNIK<\/option><option value=\"KA\u00c7ANIK\">KA\u00c7ANIK<\/option><option value=\"HANI ELEZIT\">HANI ELEZIT<\/option><\/select><\/span><\/label>\n<br><\/br>\n<label> Your message*\n    <span class=\"wpcf7-form-control-wrap\" data-name=\"your-message\"><textarea cols=\"40\" rows=\"10\" maxlength=\"2000\" class=\"wpcf7-form-control wpcf7-textarea\" aria-invalid=\"false\" name=\"your-message\"><\/textarea><\/span> <\/label>\n<br><\/br>\nUpload CV (.doc or .pdf format)*\n<span class=\"wpcf7-form-control-wrap\" data-name=\"file-933\"><input size=\"40\" class=\"wpcf7-form-control wpcf7-file wpcf7-validates-as-required\" accept=\".doc,.pdf\" aria-required=\"true\" aria-invalid=\"false\" type=\"file\" name=\"file-933\" \/><\/span>\n<br><\/br>\n<input class=\"wpcf7-form-control wpcf7-submit has-spinner\" type=\"submit\" value=\"Submit\" \/><p style=\"display: none !important;\" class=\"akismet-fields-container\" data-prefix=\"_wpcf7_ak_\"><label>&#916;<textarea name=\"_wpcf7_ak_hp_textarea\" cols=\"45\" rows=\"8\" maxlength=\"100\"><\/textarea><\/label><input type=\"hidden\" id=\"ak_js_1\" name=\"_wpcf7_ak_js\" value=\"111\"\/><script>document.getElementById( \"ak_js_1\" ).setAttribute( \"value\", ( new Date() ).getTime() );<\/script><\/p><div class=\"wpcf7-response-output\" aria-hidden=\"true\"><\/div>\n<input type=\"hidden\" name=\"trp-form-language\" value=\"en\"\/><\/form>\n<\/div>\n<\/div>\n\t\t\t\t\t\t<\/div>\n\t\t\t\t\t<\/div>\n\t\t\t\t<\/div>\n\t\t<div class=\"elementor-element elementor-element-f4fbaf6 e-flex e-con-boxed e-con e-parent\" data-id=\"f4fbaf6\" data-element_type=\"container\">\n\t\t\t\t\t<div class=\"e-con-inner\">\n\t\t\t\t<div class=\"elementor-element elementor-element-7871c55 elementor-widget elementor-widget-spacer\" data-id=\"7871c55\" data-element_type=\"widget\" data-widget_type=\"spacer.default\">\n\t\t\t\t\t\t\t<div class=\"elementor-spacer\">\n\t\t\t<div class=\"elementor-spacer-inner\"><\/div>\n\t\t<\/div>\n\t\t\t\t\t\t<\/div>\n\t\t\t\t\t<\/div>\n\t\t\t\t<\/div>\n\t\t\t\t<\/div>","protected":false},"excerpt":{"rendered":"<p>\u00a0 KONKURS PUNE Telkos L.L.C shpall konkurs p\u00ebr pozit\u00ebn:Agjent\/e e P\u00ebrkrahjes TeknikeVendi i pun\u00ebs: Prishtin\u00eb Detyrat dhe P\u00ebrgjegj\u00ebsit\u00eb Menaxhimi i thirrjeve hyr\u00ebse dhe dal\u00ebse n\u00eb m\u00ebnyr\u00eb profesionale dhe efikase; Ofrimi i p\u00ebrkrahjes dhe asistenc\u00ebs teknike p\u00ebr klient\u00ebt; Identifikimi i nevojave t\u00eb klient\u00ebve dhe ofrimi i zgjidhjeve adekuate; Bashk\u00ebpunimi me ekipet tjera p\u00ebr zgjidhjen e \u00e7\u00ebshtjeve [&hellip;]<\/p>\n","protected":false},"author":2,"featured_media":0,"parent":0,"menu_order":0,"comment_status":"closed","ping_status":"closed","template":"elementor_header_footer","meta":{"footnotes":""},"class_list":["post-3038","page","type-page","status-publish","hentry"],"yoast_head":"<!-- This site is optimized with the Yoast SEO plugin v26.7 - https:\/\/yoast.com\/wordpress\/plugins\/seo\/ -->\n<title>Mund\u00ebsi pun\u00ebsimi - Telkos.net<\/title>\n<meta name=\"robots\" content=\"index, follow, max-snippet:-1, max-image-preview:large, max-video-preview:-1\" \/>\n<link rel=\"canonical\" href=\"https:\/\/www.telkos.net\/en\/mundesi-punesimi\/\" \/>\n<meta property=\"og:locale\" content=\"en_US\" \/>\n<meta property=\"og:type\" content=\"article\" \/>\n<meta property=\"og:title\" content=\"Mund\u00ebsi pun\u00ebsimi - Telkos.net\" \/>\n<meta property=\"og:description\" content=\"\u00a0 KONKURS PUNE Telkos L.L.C shpall konkurs p\u00ebr pozit\u00ebn:Agjent\/e e P\u00ebrkrahjes TeknikeVendi i pun\u00ebs: Prishtin\u00eb Detyrat dhe P\u00ebrgjegj\u00ebsit\u00eb Menaxhimi i thirrjeve hyr\u00ebse dhe dal\u00ebse n\u00eb m\u00ebnyr\u00eb profesionale dhe efikase; Ofrimi i p\u00ebrkrahjes dhe asistenc\u00ebs teknike p\u00ebr klient\u00ebt; Identifikimi i nevojave t\u00eb klient\u00ebve dhe ofrimi i zgjidhjeve adekuate; Bashk\u00ebpunimi me ekipet tjera p\u00ebr zgjidhjen e \u00e7\u00ebshtjeve [&hellip;]\" \/>\n<meta property=\"og:url\" content=\"https:\/\/www.telkos.net\/en\/mundesi-punesimi\/\" \/>\n<meta property=\"og:site_name\" content=\"Telkos.net\" \/>\n<meta property=\"article:modified_time\" content=\"2026-05-12T13:40:20+00:00\" \/>\n<meta property=\"og:image\" content=\"https:\/\/www.telkos.net\/wp-content\/uploads\/2026\/03\/Mundesi-punesimi.jpg\" \/>\n\t<meta property=\"og:image:width\" content=\"1920\" \/>\n\t<meta property=\"og:image:height\" content=\"233\" \/>\n\t<meta property=\"og:image:type\" content=\"image\/jpeg\" \/>\n<meta name=\"twitter:card\" content=\"summary_large_image\" \/>\n<meta name=\"twitter:label1\" content=\"Est. reading time\" \/>\n\t<meta name=\"twitter:data1\" content=\"1 minute\" \/>\n<script type=\"application\/ld+json\" class=\"yoast-schema-graph\">{\"@context\":\"https:\/\/schema.org\",\"@graph\":[{\"@type\":\"WebPage\",\"@id\":\"https:\/\/www.telkos.net\/mundesi-punesimi\/\",\"url\":\"https:\/\/www.telkos.net\/mundesi-punesimi\/\",\"name\":\"Mund\u00ebsi pun\u00ebsimi - Telkos.net\",\"isPartOf\":{\"@id\":\"https:\/\/www.telkos.net\/#website\"},\"primaryImageOfPage\":{\"@id\":\"https:\/\/www.telkos.net\/mundesi-punesimi\/#primaryimage\"},\"image\":{\"@id\":\"https:\/\/www.telkos.net\/mundesi-punesimi\/#primaryimage\"},\"thumbnailUrl\":\"https:\/\/www.telkos.net\/wp-content\/uploads\/2026\/03\/Mundesi-punesimi.jpg\",\"datePublished\":\"2025-10-26T23:54:18+00:00\",\"dateModified\":\"2026-05-12T13:40:20+00:00\",\"breadcrumb\":{\"@id\":\"https:\/\/www.telkos.net\/mundesi-punesimi\/#breadcrumb\"},\"inLanguage\":\"en-US\",\"potentialAction\":[{\"@type\":\"ReadAction\",\"target\":[\"https:\/\/www.telkos.net\/mundesi-punesimi\/\"]}]},{\"@type\":\"ImageObject\",\"inLanguage\":\"en-US\",\"@id\":\"https:\/\/www.telkos.net\/mundesi-punesimi\/#primaryimage\",\"url\":\"https:\/\/www.telkos.net\/wp-content\/uploads\/2026\/03\/Mundesi-punesimi.jpg\",\"contentUrl\":\"https:\/\/www.telkos.net\/wp-content\/uploads\/2026\/03\/Mundesi-punesimi.jpg\"},{\"@type\":\"BreadcrumbList\",\"@id\":\"https:\/\/www.telkos.net\/mundesi-punesimi\/#breadcrumb\",\"itemListElement\":[{\"@type\":\"ListItem\",\"position\":1,\"name\":\"Home\",\"item\":\"https:\/\/www.telkos.net\/\"},{\"@type\":\"ListItem\",\"position\":2,\"name\":\"Mund\u00ebsi pun\u00ebsimi\"}]},{\"@type\":\"WebSite\",\"@id\":\"https:\/\/www.telkos.net\/#website\",\"url\":\"https:\/\/www.telkos.net\/\",\"name\":\"Telkos.net\",\"description\":\"\",\"publisher\":{\"@id\":\"https:\/\/www.telkos.net\/#organization\"},\"potentialAction\":[{\"@type\":\"SearchAction\",\"target\":{\"@type\":\"EntryPoint\",\"urlTemplate\":\"https:\/\/www.telkos.net\/?s={search_term_string}\"},\"query-input\":{\"@type\":\"PropertyValueSpecification\",\"valueRequired\":true,\"valueName\":\"search_term_string\"}}],\"inLanguage\":\"en-US\"},{\"@type\":\"Organization\",\"@id\":\"https:\/\/www.telkos.net\/#organization\",\"name\":\"Telkos.net\",\"url\":\"https:\/\/www.telkos.net\/\",\"logo\":{\"@type\":\"ImageObject\",\"inLanguage\":\"en-US\",\"@id\":\"https:\/\/www.telkos.net\/#\/schema\/logo\/image\/\",\"url\":\"https:\/\/www.telkos.net\/wp-content\/uploads\/2024\/08\/logo-telkos-per-web.png\",\"contentUrl\":\"https:\/\/www.telkos.net\/wp-content\/uploads\/2024\/08\/logo-telkos-per-web.png\",\"width\":1346,\"height\":744,\"caption\":\"Telkos.net\"},\"image\":{\"@id\":\"https:\/\/www.telkos.net\/#\/schema\/logo\/image\/\"}}]}<\/script>\n<!-- \/ Yoast SEO plugin. -->","yoast_head_json":{"title":"Mund\u00ebsi pun\u00ebsimi - Telkos.net","robots":{"index":"index","follow":"follow","max-snippet":"max-snippet:-1","max-image-preview":"max-image-preview:large","max-video-preview":"max-video-preview:-1"},"canonical":"https:\/\/www.telkos.net\/en\/mundesi-punesimi\/","og_locale":"en_US","og_type":"article","og_title":"Mund\u00ebsi pun\u00ebsimi - Telkos.net","og_description":"\u00a0 KONKURS PUNE Telkos L.L.C shpall konkurs p\u00ebr pozit\u00ebn:Agjent\/e e P\u00ebrkrahjes TeknikeVendi i pun\u00ebs: Prishtin\u00eb Detyrat dhe P\u00ebrgjegj\u00ebsit\u00eb Menaxhimi i thirrjeve hyr\u00ebse dhe dal\u00ebse n\u00eb m\u00ebnyr\u00eb profesionale dhe efikase; Ofrimi i p\u00ebrkrahjes dhe asistenc\u00ebs teknike p\u00ebr klient\u00ebt; Identifikimi i nevojave t\u00eb klient\u00ebve dhe ofrimi i zgjidhjeve adekuate; Bashk\u00ebpunimi me ekipet tjera p\u00ebr zgjidhjen e \u00e7\u00ebshtjeve [&hellip;]","og_url":"https:\/\/www.telkos.net\/en\/mundesi-punesimi\/","og_site_name":"Telkos.net","article_modified_time":"2026-05-12T13:40:20+00:00","og_image":[{"width":1920,"height":233,"url":"https:\/\/www.telkos.net\/wp-content\/uploads\/2026\/03\/Mundesi-punesimi.jpg","type":"image\/jpeg"}],"twitter_card":"summary_large_image","twitter_misc":{"Est. reading time":"1 minute"},"schema":{"@context":"https:\/\/schema.org","@graph":[{"@type":"WebPage","@id":"https:\/\/www.telkos.net\/mundesi-punesimi\/","url":"https:\/\/www.telkos.net\/mundesi-punesimi\/","name":"Mund\u00ebsi pun\u00ebsimi - Telkos.net","isPartOf":{"@id":"https:\/\/www.telkos.net\/#website"},"primaryImageOfPage":{"@id":"https:\/\/www.telkos.net\/mundesi-punesimi\/#primaryimage"},"image":{"@id":"https:\/\/www.telkos.net\/mundesi-punesimi\/#primaryimage"},"thumbnailUrl":"https:\/\/www.telkos.net\/wp-content\/uploads\/2026\/03\/Mundesi-punesimi.jpg","datePublished":"2025-10-26T23:54:18+00:00","dateModified":"2026-05-12T13:40:20+00:00","breadcrumb":{"@id":"https:\/\/www.telkos.net\/mundesi-punesimi\/#breadcrumb"},"inLanguage":"en-US","potentialAction":[{"@type":"ReadAction","target":["https:\/\/www.telkos.net\/mundesi-punesimi\/"]}]},{"@type":"ImageObject","inLanguage":"en-US","@id":"https:\/\/www.telkos.net\/mundesi-punesimi\/#primaryimage","url":"https:\/\/www.telkos.net\/wp-content\/uploads\/2026\/03\/Mundesi-punesimi.jpg","contentUrl":"https:\/\/www.telkos.net\/wp-content\/uploads\/2026\/03\/Mundesi-punesimi.jpg"},{"@type":"BreadcrumbList","@id":"https:\/\/www.telkos.net\/mundesi-punesimi\/#breadcrumb","itemListElement":[{"@type":"ListItem","position":1,"name":"Home","item":"https:\/\/www.telkos.net\/"},{"@type":"ListItem","position":2,"name":"Mund\u00ebsi pun\u00ebsimi"}]},{"@type":"WebSite","@id":"https:\/\/www.telkos.net\/#website","url":"https:\/\/www.telkos.net\/","name":"Telkos.net","description":"","publisher":{"@id":"https:\/\/www.telkos.net\/#organization"},"potentialAction":[{"@type":"SearchAction","target":{"@type":"EntryPoint","urlTemplate":"https:\/\/www.telkos.net\/?s={search_term_string}"},"query-input":{"@type":"PropertyValueSpecification","valueRequired":true,"valueName":"search_term_string"}}],"inLanguage":"en-US"},{"@type":"Organization","@id":"https:\/\/www.telkos.net\/#organization","name":"Telkos.net","url":"https:\/\/www.telkos.net\/","logo":{"@type":"ImageObject","inLanguage":"en-US","@id":"https:\/\/www.telkos.net\/#\/schema\/logo\/image\/","url":"https:\/\/www.telkos.net\/wp-content\/uploads\/2024\/08\/logo-telkos-per-web.png","contentUrl":"https:\/\/www.telkos.net\/wp-content\/uploads\/2024\/08\/logo-telkos-per-web.png","width":1346,"height":744,"caption":"Telkos.net"},"image":{"@id":"https:\/\/www.telkos.net\/#\/schema\/logo\/image\/"}}]}},"_links":{"self":[{"href":"https:\/\/www.telkos.net\/en\/wp-json\/wp\/v2\/pages\/3038","targetHints":{"allow":["GET"]}}],"collection":[{"href":"https:\/\/www.telkos.net\/en\/wp-json\/wp\/v2\/pages"}],"about":[{"href":"https:\/\/www.telkos.net\/en\/wp-json\/wp\/v2\/types\/page"}],"author":[{"embeddable":true,"href":"https:\/\/www.telkos.net\/en\/wp-json\/wp\/v2\/users\/2"}],"replies":[{"embeddable":true,"href":"https:\/\/www.telkos.net\/en\/wp-json\/wp\/v2\/comments?post=3038"}],"version-history":[{"count":130,"href":"https:\/\/www.telkos.net\/en\/wp-json\/wp\/v2\/pages\/3038\/revisions"}],"predecessor-version":[{"id":5766,"href":"https:\/\/www.telkos.net\/en\/wp-json\/wp\/v2\/pages\/3038\/revisions\/5766"}],"wp:attachment":[{"href":"https:\/\/www.telkos.net\/en\/wp-json\/wp\/v2\/media?parent=3038"}],"curies":[{"name":"wp","href":"https:\/\/api.w.org\/{rel}","templated":true}]}}